{"id":114,"date":"2025-05-21T22:38:59","date_gmt":"2025-05-21T20:38:59","guid":{"rendered":"https:\/\/kreisverkehrswac-3ptxbths2x.live-website.com\/?page_id=114"},"modified":"2025-12-09T20:48:25","modified_gmt":"2025-12-09T19:48:25","slug":"kinder","status":"publish","type":"page","link":"https:\/\/kvw-barnim.de\/index.php\/kinder\/","title":{"rendered":"Kinder"},"content":{"rendered":"\t\t<div data-elementor-type=\"wp-page\" data-elementor-id=\"114\" class=\"elementor elementor-114\">\n\t\t\t\t<div class=\"elementor-element elementor-element-028a8d1 e-flex e-con-boxed e-con e-parent\" data-id=\"028a8d1\" data-element_type=\"container\" data-e-type=\"container\">\n\t\t\t\t\t<div class=\"e-con-inner\">\n\t\t\t\t<div class=\"elementor-element elementor-element-57e6aa9 elementor-widget elementor-widget-heading\" data-id=\"57e6aa9\" data-element_type=\"widget\" data-e-type=\"widget\" data-widget_type=\"heading.default\">\n\t\t\t\t<div class=\"elementor-widget-container\">\n\t\t\t\t\t<h2 class=\"elementor-heading-title elementor-size-default\">Kinder <\/h2>\t\t\t\t<\/div>\n\t\t\t\t<\/div>\n\t\t\t\t<div class=\"elementor-element elementor-element-fd78016 elementor-widget elementor-widget-spacer\" data-id=\"fd78016\" data-element_type=\"widget\" data-e-type=\"widget\" data-widget_type=\"spacer.default\">\n\t\t\t\t<div class=\"elementor-widget-container\">\n\t\t\t\t\t\t\t<div class=\"elementor-spacer\">\n\t\t\t<div class=\"elementor-spacer-inner\"><\/div>\n\t\t<\/div>\n\t\t\t\t\t\t<\/div>\n\t\t\t\t<\/div>\n\t\t\t\t\t<\/div>\n\t\t\t\t<\/div>\n\t\t<div class=\"elementor-element elementor-element-e818777 e-flex e-con-boxed e-con e-parent\" data-id=\"e818777\" data-element_type=\"container\" data-e-type=\"container\">\n\t\t\t\t\t<div class=\"e-con-inner\">\n\t\t\t\t<div class=\"elementor-element elementor-element-00d3b76 elementor-widget__width-initial elementor-widget elementor-widget-text-editor\" data-id=\"00d3b76\" data-element_type=\"widget\" data-e-type=\"widget\" data-widget_type=\"text-editor.default\">\n\t\t\t\t<div class=\"elementor-widget-container\">\n\t\t\t\t\t\t\t\t\t<h2 style=\"text-align: center;\" data-start=\"216\" data-end=\"281\">Unsere Kinderprogramme \u2013 Verkehrssicherheit spielerisch lernen<\/h2><p style=\"text-align: center;\" data-start=\"283\" data-end=\"580\">Die Kreisverkehrswacht setzt sich mit vielf\u00e4ltigen Kinderprogrammen daf\u00fcr ein, dass schon die J\u00fcngsten sicher und selbstbewusst am Stra\u00dfenverkehr teilnehmen k\u00f6nnen. Mit p\u00e4dagogisch durchdachten Angeboten vermitteln wir wichtiges Verkehrs\u00adwissen auf eine Weise, die Spa\u00df macht und nachhaltig wirkt.<\/p><p data-start=\"283\" data-end=\"580\">\u00a0<\/p><p data-start=\"283\" data-end=\"580\">\u00a0<\/p><h3 style=\"text-align: center;\" data-start=\"582\" data-end=\"616\">Spielerisch sicher unterwegs<\/h3><p style=\"text-align: center;\" data-start=\"617\" data-end=\"943\">Unsere Programme richten sich an Kinderg\u00e4rten, Grundschulen, Horte und Vereine. Gemeinsam mit erfahrenen Moderatoren lernen Kinder, wie sie Gefahren erkennen, richtig reagieren und sich sicher im Stra\u00dfenverkehr bewegen. Dabei setzen wir auf altersgerechte Methoden \u2013 vom spielerischen Lernen bis zu spannenden Mitmachaktionen.<\/p>\t\t\t\t\t\t\t\t<\/div>\n\t\t\t\t<\/div>\n\t\t\t\t\t<\/div>\n\t\t\t\t<\/div>\n\t\t<div class=\"elementor-element elementor-element-54adefe e-flex e-con-boxed e-con e-parent\" data-id=\"54adefe\" data-element_type=\"container\" data-e-type=\"container\">\n\t\t\t\t\t<div class=\"e-con-inner\">\n\t\t\t\t<div class=\"elementor-element elementor-element-6833c7f elementor-widget elementor-widget-spacer\" data-id=\"6833c7f\" data-element_type=\"widget\" data-e-type=\"widget\" data-widget_type=\"spacer.default\">\n\t\t\t\t<div class=\"elementor-widget-container\">\n\t\t\t\t\t\t\t<div class=\"elementor-spacer\">\n\t\t\t<div class=\"elementor-spacer-inner\"><\/div>\n\t\t<\/div>\n\t\t\t\t\t\t<\/div>\n\t\t\t\t<\/div>\n\t\t\t\t\t<\/div>\n\t\t\t\t<\/div>\n\t\t<div class=\"elementor-element elementor-element-5a1f4f3 e-grid e-con-boxed e-con e-parent\" data-id=\"5a1f4f3\" data-element_type=\"container\" data-e-type=\"container\">\n\t\t\t\t\t<div class=\"e-con-inner\">\n\t\t\t\t<div class=\"elementor-element elementor-element-a665612 elementor-view-default elementor-widget elementor-widget-icon\" data-id=\"a665612\" data-element_type=\"widget\" data-e-type=\"widget\" data-widget_type=\"icon.default\">\n\t\t\t\t<div class=\"elementor-widget-container\">\n\t\t\t\t\t\t\t<div class=\"elementor-icon-wrapper\">\n\t\t\t<a class=\"elementor-icon elementor-animation-pulse\" href=\"https:\/\/kvw-barnim.de\/index.php\/kis\/\">\n\t\t\t<svg aria-hidden=\"true\" class=\"e-font-icon-svg e-fas-child\" viewBox=\"0 0 384 512\" xmlns=\"http:\/\/www.w3.org\/2000\/svg\"><path d=\"M120 72c0-39.765 32.235-72 72-72s72 32.235 72 72c0 39.764-32.235 72-72 72s-72-32.236-72-72zm254.627 1.373c-12.496-12.497-32.758-12.497-45.254 0L242.745 160H141.254L54.627 73.373c-12.496-12.497-32.758-12.497-45.254 0-12.497 12.497-12.497 32.758 0 45.255L104 213.254V480c0 17.673 14.327 32 32 32h16c17.673 0 32-14.327 32-32V368h16v112c0 17.673 14.327 32 32 32h16c17.673 0 32-14.327 32-32V213.254l94.627-94.627c12.497-12.497 12.497-32.757 0-45.254z\"><\/path><\/svg>\t\t\t<\/a>\n\t\t<\/div>\n\t\t\t\t\t\t<\/div>\n\t\t\t\t<\/div>\n\t\t\t\t<div class=\"elementor-element elementor-element-e5f6528 elementor-widget elementor-widget-text-editor\" data-id=\"e5f6528\" data-element_type=\"widget\" data-e-type=\"widget\" data-widget_type=\"text-editor.default\">\n\t\t\t\t<div class=\"elementor-widget-container\">\n\t\t\t\t\t\t\t\t\t<p style=\"text-align: center;\">Kinder im Stra\u00dfenverkehr<\/p>\t\t\t\t\t\t\t\t<\/div>\n\t\t\t\t<\/div>\n\t\t\t\t<div class=\"elementor-element elementor-element-ea0b8c9 elementor-view-default elementor-widget elementor-widget-icon\" data-id=\"ea0b8c9\" data-element_type=\"widget\" data-e-type=\"widget\" data-widget_type=\"icon.default\">\n\t\t\t\t<div class=\"elementor-widget-container\">\n\t\t\t\t\t\t\t<div class=\"elementor-icon-wrapper\">\n\t\t\t<a class=\"elementor-icon elementor-animation-pulse\" href=\"https:\/\/kvw-barnim.de\/index.php\/kind-und-verkehr\/\">\n\t\t\t<svg aria-hidden=\"true\" class=\"e-font-icon-svg e-fas-walking\" viewBox=\"0 0 320 512\" xmlns=\"http:\/\/www.w3.org\/2000\/svg\"><path d=\"M208 96c26.5 0 48-21.5 48-48S234.5 0 208 0s-48 21.5-48 48 21.5 48 48 48zm94.5 149.1l-23.3-11.8-9.7-29.4c-14.7-44.6-55.7-75.8-102.2-75.9-36-.1-55.9 10.1-93.3 25.2-21.6 8.7-39.3 25.2-49.7 46.2L17.6 213c-7.8 15.8-1.5 35 14.2 42.9 15.6 7.9 34.6 1.5 42.5-14.3L81 228c3.5-7 9.3-12.5 16.5-15.4l26.8-10.8-15.2 60.7c-5.2 20.8.4 42.9 14.9 58.8l59.9 65.4c7.2 7.9 12.3 17.4 14.9 27.7l18.3 73.3c4.3 17.1 21.7 27.6 38.8 23.3 17.1-4.3 27.6-21.7 23.3-38.8l-22.2-89c-2.6-10.3-7.7-19.9-14.9-27.7l-45.5-49.7 17.2-68.7 5.5 16.5c5.3 16.1 16.7 29.4 31.7 37l23.3 11.8c15.6 7.9 34.6 1.5 42.5-14.3 7.7-15.7 1.4-35.1-14.3-43zM73.6 385.8c-3.2 8.1-8 15.4-14.2 21.5l-50 50.1c-12.5 12.5-12.5 32.8 0 45.3s32.7 12.5 45.2 0l59.4-59.4c6.1-6.1 10.9-13.4 14.2-21.5l13.5-33.8c-55.3-60.3-38.7-41.8-47.4-53.7l-20.7 51.5z\"><\/path><\/svg>\t\t\t<\/a>\n\t\t<\/div>\n\t\t\t\t\t\t<\/div>\n\t\t\t\t<\/div>\n\t\t\t\t<div class=\"elementor-element elementor-element-3ddf0e0 elementor-widget elementor-widget-text-editor\" data-id=\"3ddf0e0\" data-element_type=\"widget\" data-e-type=\"widget\" data-widget_type=\"text-editor.default\">\n\t\t\t\t<div class=\"elementor-widget-container\">\n\t\t\t\t\t\t\t\t\t<p style=\"text-align: center;\">Kind und Verkehr<br \/>(Eltern)<\/p>\t\t\t\t\t\t\t\t<\/div>\n\t\t\t\t<\/div>\n\t\t\t\t<div class=\"elementor-element elementor-element-e3e15de elementor-view-default elementor-widget elementor-widget-icon\" data-id=\"e3e15de\" data-element_type=\"widget\" data-e-type=\"widget\" data-widget_type=\"icon.default\">\n\t\t\t\t<div class=\"elementor-widget-container\">\n\t\t\t\t\t\t\t<div class=\"elementor-icon-wrapper\">\n\t\t\t<a class=\"elementor-icon elementor-animation-pulse\" href=\"https:\/\/kvw-barnim.de\/index.php\/fit-und-flink\/\">\n\t\t\t<svg aria-hidden=\"true\" class=\"e-font-icon-svg e-fas-biking\" viewBox=\"0 0 640 512\" xmlns=\"http:\/\/www.w3.org\/2000\/svg\"><path d=\"M400 96a48 48 0 1 0-48-48 48 48 0 0 0 48 48zm-4 121a31.9 31.9 0 0 0 20 7h64a32 32 0 0 0 0-64h-52.78L356 103a31.94 31.94 0 0 0-40.81.68l-112 96a32 32 0 0 0 3.08 50.92L288 305.12V416a32 32 0 0 0 64 0V288a32 32 0 0 0-14.25-26.62l-41.36-27.57 58.25-49.92zm116 39a128 128 0 1 0 128 128 128 128 0 0 0-128-128zm0 192a64 64 0 1 1 64-64 64 64 0 0 1-64 64zM128 256a128 128 0 1 0 128 128 128 128 0 0 0-128-128zm0 192a64 64 0 1 1 64-64 64 64 0 0 1-64 64z\"><\/path><\/svg>\t\t\t<\/a>\n\t\t<\/div>\n\t\t\t\t\t\t<\/div>\n\t\t\t\t<\/div>\n\t\t\t\t<div class=\"elementor-element elementor-element-00adcfc elementor-widget elementor-widget-text-editor\" data-id=\"00adcfc\" data-element_type=\"widget\" data-e-type=\"widget\" data-widget_type=\"text-editor.default\">\n\t\t\t\t<div class=\"elementor-widget-container\">\n\t\t\t\t\t\t\t\t\t<p style=\"text-align: center;\">Fit und Flink<br \/>(Rollerpass)<\/p>\t\t\t\t\t\t\t\t<\/div>\n\t\t\t\t<\/div>\n\t\t\t\t<div class=\"elementor-element elementor-element-bd85da7 elementor-view-default elementor-widget elementor-widget-icon\" data-id=\"bd85da7\" data-element_type=\"widget\" data-e-type=\"widget\" data-widget_type=\"icon.default\">\n\t\t\t\t<div class=\"elementor-widget-container\">\n\t\t\t\t\t\t\t<div class=\"elementor-icon-wrapper\">\n\t\t\t<a class=\"elementor-icon elementor-animation-pulse-grow\" href=\"https:\/\/kvw-barnim.de\/index.php\/fahrradausbildung\/\">\n\t\t\t<svg aria-hidden=\"true\" class=\"e-font-icon-svg e-fas-bicycle\" viewBox=\"0 0 640 512\" xmlns=\"http:\/\/www.w3.org\/2000\/svg\"><path d=\"M512.509 192.001c-16.373-.064-32.03 2.955-46.436 8.495l-77.68-125.153A24 24 0 0 0 368.001 64h-64c-8.837 0-16 7.163-16 16v16c0 8.837 7.163 16 16 16h50.649l14.896 24H256.002v-16c0-8.837-7.163-16-16-16h-87.459c-13.441 0-24.777 10.999-24.536 24.437.232 13.044 10.876 23.563 23.995 23.563h48.726l-29.417 47.52c-13.433-4.83-27.904-7.483-42.992-7.52C58.094 191.83.412 249.012.002 319.236-.413 390.279 57.055 448 128.002 448c59.642 0 109.758-40.793 123.967-96h52.033a24 24 0 0 0 20.406-11.367L410.37 201.77l14.938 24.067c-25.455 23.448-41.385 57.081-41.307 94.437.145 68.833 57.899 127.051 126.729 127.719 70.606.685 128.181-55.803 129.255-125.996 1.086-70.941-56.526-129.72-127.476-129.996zM186.75 265.772c9.727 10.529 16.673 23.661 19.642 38.228h-43.306l23.664-38.228zM128.002 400c-44.112 0-80-35.888-80-80s35.888-80 80-80c5.869 0 11.586.653 17.099 1.859l-45.505 73.509C89.715 331.327 101.213 352 120.002 352h81.3c-12.37 28.225-40.562 48-73.3 48zm162.63-96h-35.624c-3.96-31.756-19.556-59.894-42.383-80.026L237.371 184h127.547l-74.286 120zm217.057 95.886c-41.036-2.165-74.049-35.692-75.627-76.755-.812-21.121 6.633-40.518 19.335-55.263l44.433 71.586c4.66 7.508 14.524 9.816 22.032 5.156l13.594-8.437c7.508-4.66 9.817-14.524 5.156-22.032l-44.468-71.643a79.901 79.901 0 0 1 19.858-2.497c44.112 0 80 35.888 80 80-.001 45.54-38.252 82.316-84.313 79.885z\"><\/path><\/svg>\t\t\t<\/a>\n\t\t<\/div>\n\t\t\t\t\t\t<\/div>\n\t\t\t\t<\/div>\n\t\t\t\t<div class=\"elementor-element elementor-element-2888e5d elementor-widget elementor-widget-text-editor\" data-id=\"2888e5d\" data-element_type=\"widget\" data-e-type=\"widget\" data-widget_type=\"text-editor.default\">\n\t\t\t\t<div class=\"elementor-widget-container\">\n\t\t\t\t\t\t\t\t\t<p style=\"text-align: center;\">Fahrradausbildung<br \/>(inkl. Pr\u00fcfung)<\/p>\t\t\t\t\t\t\t\t<\/div>\n\t\t\t\t<\/div>\n\t\t\t\t<div class=\"elementor-element elementor-element-2b730b7 elementor-view-default elementor-widget elementor-widget-icon\" data-id=\"2b730b7\" data-element_type=\"widget\" data-e-type=\"widget\" data-widget_type=\"icon.default\">\n\t\t\t\t<div class=\"elementor-widget-container\">\n\t\t\t\t\t\t\t<div class=\"elementor-icon-wrapper\">\n\t\t\t<a class=\"elementor-icon elementor-animation-pulse\" href=\"https:\/\/kvw-barnim.de\/index.php\/jung-sicher-startklar\/\">\n\t\t\t<svg aria-hidden=\"true\" class=\"e-font-icon-svg e-fas-car-side\" viewBox=\"0 0 640 512\" xmlns=\"http:\/\/www.w3.org\/2000\/svg\"><path d=\"M544 192h-16L419.22 56.02A64.025 64.025 0 0 0 369.24 32H155.33c-26.17 0-49.7 15.93-59.42 40.23L48 194.26C20.44 201.4 0 226.21 0 256v112c0 8.84 7.16 16 16 16h48c0 53.02 42.98 96 96 96s96-42.98 96-96h128c0 53.02 42.98 96 96 96s96-42.98 96-96h48c8.84 0 16-7.16 16-16v-80c0-53.02-42.98-96-96-96zM160 432c-26.47 0-48-21.53-48-48s21.53-48 48-48 48 21.53 48 48-21.53 48-48 48zm72-240H116.93l38.4-96H232v96zm48 0V96h89.24l76.8 96H280zm200 240c-26.47 0-48-21.53-48-48s21.53-48 48-48 48 21.53 48 48-21.53 48-48 48z\"><\/path><\/svg>\t\t\t<\/a>\n\t\t<\/div>\n\t\t\t\t\t\t<\/div>\n\t\t\t\t<\/div>\n\t\t\t\t<div class=\"elementor-element elementor-element-03185b9 elementor-widget elementor-widget-text-editor\" data-id=\"03185b9\" data-element_type=\"widget\" data-e-type=\"widget\" data-widget_type=\"text-editor.default\">\n\t\t\t\t<div class=\"elementor-widget-container\">\n\t\t\t\t\t\t\t\t\t<p style=\"text-align: center;\">Jung Sicher Startklar<br \/>(Jungendliche)<\/p>\t\t\t\t\t\t\t\t<\/div>\n\t\t\t\t<\/div>\n\t\t\t\t\t<\/div>\n\t\t\t\t<\/div>\n\t\t\t\t<\/div>\n\t\t","protected":false},"excerpt":{"rendered":"<p>Kinder Unsere Kinderprogramme \u2013 Verkehrssicherheit spielerisch lernen Die Kreisverkehrswacht setzt sich mit vielf\u00e4ltigen Kinderprogrammen daf\u00fcr ein, dass schon die J\u00fcngsten sicher und selbstbewusst am Stra\u00dfenverkehr teilnehmen k\u00f6nnen. Mit p\u00e4dagogisch durchdachten Angeboten vermitteln wir wichtiges Verkehrs\u00adwissen auf eine Weise, die Spa\u00df macht und nachhaltig wirkt. \u00a0 \u00a0 Spielerisch sicher unterwegs Unsere Programme richten sich an Kinderg\u00e4rten, [&hellip;]<\/p>\n","protected":false},"author":1,"featured_media":0,"parent":0,"menu_order":0,"comment_status":"closed","ping_status":"closed","template":"","meta":{"footnotes":""},"class_list":["post-114","page","type-page","status-publish","hentry"],"_links":{"self":[{"href":"https:\/\/kvw-barnim.de\/index.php\/wp-json\/wp\/v2\/pages\/114","targetHints":{"allow":["GET"]}}],"collection":[{"href":"https:\/\/kvw-barnim.de\/index.php\/wp-json\/wp\/v2\/pages"}],"about":[{"href":"https:\/\/kvw-barnim.de\/index.php\/wp-json\/wp\/v2\/types\/page"}],"author":[{"embeddable":true,"href":"https:\/\/kvw-barnim.de\/index.php\/wp-json\/wp\/v2\/users\/1"}],"replies":[{"embeddable":true,"href":"https:\/\/kvw-barnim.de\/index.php\/wp-json\/wp\/v2\/comments?post=114"}],"version-history":[{"count":19,"href":"https:\/\/kvw-barnim.de\/index.php\/wp-json\/wp\/v2\/pages\/114\/revisions"}],"predecessor-version":[{"id":1004,"href":"https:\/\/kvw-barnim.de\/index.php\/wp-json\/wp\/v2\/pages\/114\/revisions\/1004"}],"wp:attachment":[{"href":"https:\/\/kvw-barnim.de\/index.php\/wp-json\/wp\/v2\/media?parent=114"}],"curies":[{"name":"wp","href":"https:\/\/api.w.org\/{rel}","templated":true}]}}