{"id":116,"date":"2025-05-21T22:38:59","date_gmt":"2025-05-21T20:38:59","guid":{"rendered":"https:\/\/kreisverkehrswac-3ptxbths2x.live-website.com\/?page_id=116"},"modified":"2025-12-08T21:16:42","modified_gmt":"2025-12-08T20:16:42","slug":"senioren","status":"publish","type":"page","link":"https:\/\/kvw-barnim.de\/index.php\/senioren\/","title":{"rendered":"Senioren"},"content":{"rendered":"\t\t<div data-elementor-type=\"wp-page\" data-elementor-id=\"116\" class=\"elementor elementor-116\">\n\t\t\t\t<div class=\"elementor-element elementor-element-67a4f01 e-flex e-con-boxed e-con e-parent\" data-id=\"67a4f01\" data-element_type=\"container\" data-e-type=\"container\">\n\t\t\t\t\t<div class=\"e-con-inner\">\n\t\t\t\t<div class=\"elementor-element elementor-element-7f6b69a elementor-widget elementor-widget-heading\" data-id=\"7f6b69a\" data-element_type=\"widget\" data-e-type=\"widget\" data-widget_type=\"heading.default\">\n\t\t\t\t<div class=\"elementor-widget-container\">\n\t\t\t\t\t<h2 class=\"elementor-heading-title elementor-size-default\">Senioren Programme<\/h2>\t\t\t\t<\/div>\n\t\t\t\t<\/div>\n\t\t\t\t\t<\/div>\n\t\t\t\t<\/div>\n\t\t<div class=\"elementor-element elementor-element-4c167b4 e-flex e-con-boxed e-con e-parent\" data-id=\"4c167b4\" data-element_type=\"container\" data-e-type=\"container\">\n\t\t\t\t\t<div class=\"e-con-inner\">\n\t\t\t\t<div class=\"elementor-element elementor-element-2056b09 elementor-widget elementor-widget-spacer\" data-id=\"2056b09\" data-element_type=\"widget\" data-e-type=\"widget\" data-widget_type=\"spacer.default\">\n\t\t\t\t<div class=\"elementor-widget-container\">\n\t\t\t\t\t\t\t<div class=\"elementor-spacer\">\n\t\t\t<div class=\"elementor-spacer-inner\"><\/div>\n\t\t<\/div>\n\t\t\t\t\t\t<\/div>\n\t\t\t\t<\/div>\n\t\t\t\t<div class=\"elementor-element elementor-element-64ce724 elementor-widget elementor-widget-text-editor\" data-id=\"64ce724\" data-element_type=\"widget\" data-e-type=\"widget\" data-widget_type=\"text-editor.default\">\n\t\t\t\t<div class=\"elementor-widget-container\">\n\t\t\t\t\t\t\t\t\t<p style=\"text-align: center;\" data-start=\"110\" data-end=\"182\"><strong data-start=\"110\" data-end=\"182\">Sicher mobil im Alter \u2013 mit den Seniorenprogrammen der Verkehrswacht<\/strong><\/p><p data-start=\"110\" data-end=\"182\">\u00a0<\/p><p style=\"text-align: center;\" data-start=\"184\" data-end=\"512\">\u00c4lter werden bedeutet aktiv bleiben \u2013 und selbstbestimmt mobil sein. Die Verkehrswacht unterst\u00fctzt Sie dabei mit speziell entwickelten Programmen f\u00fcr Seniorinnen und Senioren.<br data-start=\"359\" data-end=\"362\" \/>In unseren Kursen erfahren Sie, wie Sie auch im h\u00f6heren Alter sicher am Stra\u00dfenverkehr teilnehmen \u2013 ob zu Fu\u00df, mit dem Fahrrad, E-Bike, Bus oder Auto.<\/p><p data-start=\"184\" data-end=\"512\">\u00a0<\/p><p style=\"text-align: center;\" data-start=\"514\" data-end=\"535\"><strong data-start=\"514\" data-end=\"535\">Was Sie erwartet:<\/strong><\/p><p data-start=\"514\" data-end=\"535\">\u00a0<\/p><ul style=\"text-align: center;\" data-start=\"536\" data-end=\"743\"><li data-start=\"536\" data-end=\"591\"><p style=\"text-align: left;\" data-start=\"538\" data-end=\"591\">Aktuelle Tipps rund um Verkehrsregeln und Mobilit\u00e4t<\/p><\/li><li style=\"text-align: left;\" data-start=\"592\" data-end=\"645\"><p data-start=\"594\" data-end=\"645\">Praktische Hinweise f\u00fcr mehr Sicherheit im Alltag<\/p><\/li><li style=\"text-align: left;\" data-start=\"646\" data-end=\"705\"><p data-start=\"648\" data-end=\"705\">Informationen zu modernen Hilfsmitteln und Technologien<\/p><\/li><li data-start=\"706\" data-end=\"743\"><p style=\"text-align: left;\" data-start=\"708\" data-end=\"743\">Austausch in entspannter Atmosph\u00e4re<br \/><br \/><\/p><\/li><\/ul><p style=\"text-align: center;\" data-start=\"745\" data-end=\"941\">Unsere geschulten Fachkr\u00e4fte begleiten Sie mit Erfahrung, Respekt und Verst\u00e4ndnis. So k\u00f6nnen Sie Ihr Wissen auffrischen, neue F\u00e4higkeiten erlernen und mit einem guten Gef\u00fchl am Verkehr teilnehmen.<\/p><p style=\"text-align: center;\" data-start=\"943\" data-end=\"1143\"><strong data-start=\"943\" data-end=\"1009\">Bleiben Sie unabh\u00e4ngig. Bleiben Sie sicher. Bleiben Sie mobil.<\/strong><br data-start=\"1009\" data-end=\"1012\" \/>Informieren Sie sich jetzt \u00fcber die Seniorenprogramme der Verkehrswacht und machen Sie den n\u00e4chsten Schritt zu mehr Lebensqualit\u00e4t!<\/p>\t\t\t\t\t\t\t\t<\/div>\n\t\t\t\t<\/div>\n\t\t\t\t<div class=\"elementor-element elementor-element-70f5093 elementor-widget elementor-widget-spacer\" data-id=\"70f5093\" data-element_type=\"widget\" data-e-type=\"widget\" data-widget_type=\"spacer.default\">\n\t\t\t\t<div class=\"elementor-widget-container\">\n\t\t\t\t\t\t\t<div class=\"elementor-spacer\">\n\t\t\t<div class=\"elementor-spacer-inner\"><\/div>\n\t\t<\/div>\n\t\t\t\t\t\t<\/div>\n\t\t\t\t<\/div>\n\t\t\t\t\t<\/div>\n\t\t\t\t<\/div>\n\t\t<div class=\"elementor-element elementor-element-856a2cf e-grid e-con-boxed e-con e-parent\" data-id=\"856a2cf\" data-element_type=\"container\" data-e-type=\"container\">\n\t\t\t\t\t<div class=\"e-con-inner\">\n\t\t\t\t<div class=\"elementor-element elementor-element-c40b690 elementor-view-stacked e-transform elementor-shape-circle elementor-widget elementor-widget-icon\" data-id=\"c40b690\" data-element_type=\"widget\" data-e-type=\"widget\" data-settings=\"{&quot;_animation_tablet&quot;:&quot;fadeIn&quot;,&quot;_transform_rotateZ_effect_hover&quot;:{&quot;unit&quot;:&quot;px&quot;,&quot;size&quot;:0,&quot;sizes&quot;:[]},&quot;_transform_rotateZ_effect_hover_tablet&quot;:{&quot;unit&quot;:&quot;deg&quot;,&quot;size&quot;:&quot;&quot;,&quot;sizes&quot;:[]},&quot;_transform_rotateZ_effect_hover_mobile&quot;:{&quot;unit&quot;:&quot;deg&quot;,&quot;size&quot;:&quot;&quot;,&quot;sizes&quot;:[]}}\" data-widget_type=\"icon.default\">\n\t\t\t\t<div class=\"elementor-widget-container\">\n\t\t\t\t\t\t\t<div class=\"elementor-icon-wrapper\">\n\t\t\t<a class=\"elementor-icon\" href=\"https:\/\/kvw-barnim.de\/index.php\/mobil-bleiben-aber-sicher\/\">\n\t\t\t<svg aria-hidden=\"true\" class=\"e-font-icon-svg e-fas-car-side\" viewBox=\"0 0 640 512\" xmlns=\"http:\/\/www.w3.org\/2000\/svg\"><path d=\"M544 192h-16L419.22 56.02A64.025 64.025 0 0 0 369.24 32H155.33c-26.17 0-49.7 15.93-59.42 40.23L48 194.26C20.44 201.4 0 226.21 0 256v112c0 8.84 7.16 16 16 16h48c0 53.02 42.98 96 96 96s96-42.98 96-96h128c0 53.02 42.98 96 96 96s96-42.98 96-96h48c8.84 0 16-7.16 16-16v-80c0-53.02-42.98-96-96-96zM160 432c-26.47 0-48-21.53-48-48s21.53-48 48-48 48 21.53 48 48-21.53 48-48 48zm72-240H116.93l38.4-96H232v96zm48 0V96h89.24l76.8 96H280zm200 240c-26.47 0-48-21.53-48-48s21.53-48 48-48 48 21.53 48 48-21.53 48-48 48z\"><\/path><\/svg>\t\t\t<\/a>\n\t\t<\/div>\n\t\t\t\t\t\t<\/div>\n\t\t\t\t<\/div>\n\t\t\t\t<div class=\"elementor-element elementor-element-486b73e elementor-widget elementor-widget-text-editor\" data-id=\"486b73e\" data-element_type=\"widget\" data-e-type=\"widget\" data-widget_type=\"text-editor.default\">\n\t\t\t\t<div class=\"elementor-widget-container\">\n\t\t\t\t\t\t\t\t\t<p style=\"text-align: center;\">Mobil bleiben aber sicher<\/p>\t\t\t\t\t\t\t\t<\/div>\n\t\t\t\t<\/div>\n\t\t\t\t<div class=\"elementor-element elementor-element-35baec9 elementor-view-stacked elementor-shape-circle elementor-widget elementor-widget-icon\" data-id=\"35baec9\" data-element_type=\"widget\" data-e-type=\"widget\" data-settings=\"{&quot;_animation_tablet&quot;:&quot;fadeIn&quot;}\" data-widget_type=\"icon.default\">\n\t\t\t\t<div class=\"elementor-widget-container\">\n\t\t\t\t\t\t\t<div class=\"elementor-icon-wrapper\">\n\t\t\t<a class=\"elementor-icon\" href=\"https:\/\/kvw-barnim.de\/index.php\/sicher-mobil\/\">\n\t\t\t<svg aria-hidden=\"true\" class=\"e-font-icon-svg e-fas-car-side\" viewBox=\"0 0 640 512\" xmlns=\"http:\/\/www.w3.org\/2000\/svg\"><path d=\"M544 192h-16L419.22 56.02A64.025 64.025 0 0 0 369.24 32H155.33c-26.17 0-49.7 15.93-59.42 40.23L48 194.26C20.44 201.4 0 226.21 0 256v112c0 8.84 7.16 16 16 16h48c0 53.02 42.98 96 96 96s96-42.98 96-96h128c0 53.02 42.98 96 96 96s96-42.98 96-96h48c8.84 0 16-7.16 16-16v-80c0-53.02-42.98-96-96-96zM160 432c-26.47 0-48-21.53-48-48s21.53-48 48-48 48 21.53 48 48-21.53 48-48 48zm72-240H116.93l38.4-96H232v96zm48 0V96h89.24l76.8 96H280zm200 240c-26.47 0-48-21.53-48-48s21.53-48 48-48 48 21.53 48 48-21.53 48-48 48z\"><\/path><\/svg>\t\t\t<\/a>\n\t\t<\/div>\n\t\t\t\t\t\t<\/div>\n\t\t\t\t<\/div>\n\t\t\t\t<div class=\"elementor-element elementor-element-e6e49a7 elementor-widget elementor-widget-text-editor\" data-id=\"e6e49a7\" data-element_type=\"widget\" data-e-type=\"widget\" data-widget_type=\"text-editor.default\">\n\t\t\t\t<div class=\"elementor-widget-container\">\n\t\t\t\t\t\t\t\t\t<p style=\"text-align: center;\">Sicher mobil<\/p>\t\t\t\t\t\t\t\t<\/div>\n\t\t\t\t<\/div>\n\t\t\t\t<div class=\"elementor-element elementor-element-da747d2 elementor-view-stacked elementor-shape-circle elementor-widget elementor-widget-icon\" data-id=\"da747d2\" data-element_type=\"widget\" data-e-type=\"widget\" data-settings=\"{&quot;_animation_tablet&quot;:&quot;fadeIn&quot;}\" data-widget_type=\"icon.default\">\n\t\t\t\t<div class=\"elementor-widget-container\">\n\t\t\t\t\t\t\t<div class=\"elementor-icon-wrapper\">\n\t\t\t<a class=\"elementor-icon\" href=\"https:\/\/kvw-barnim.de\/index.php\/fit-im-auto\/\">\n\t\t\t<svg aria-hidden=\"true\" class=\"e-font-icon-svg e-fas-car-side\" viewBox=\"0 0 640 512\" xmlns=\"http:\/\/www.w3.org\/2000\/svg\"><path d=\"M544 192h-16L419.22 56.02A64.025 64.025 0 0 0 369.24 32H155.33c-26.17 0-49.7 15.93-59.42 40.23L48 194.26C20.44 201.4 0 226.21 0 256v112c0 8.84 7.16 16 16 16h48c0 53.02 42.98 96 96 96s96-42.98 96-96h128c0 53.02 42.98 96 96 96s96-42.98 96-96h48c8.84 0 16-7.16 16-16v-80c0-53.02-42.98-96-96-96zM160 432c-26.47 0-48-21.53-48-48s21.53-48 48-48 48 21.53 48 48-21.53 48-48 48zm72-240H116.93l38.4-96H232v96zm48 0V96h89.24l76.8 96H280zm200 240c-26.47 0-48-21.53-48-48s21.53-48 48-48 48 21.53 48 48-21.53 48-48 48z\"><\/path><\/svg>\t\t\t<\/a>\n\t\t<\/div>\n\t\t\t\t\t\t<\/div>\n\t\t\t\t<\/div>\n\t\t\t\t<div class=\"elementor-element elementor-element-10d9c44 elementor-widget elementor-widget-text-editor\" data-id=\"10d9c44\" data-element_type=\"widget\" data-e-type=\"widget\" data-widget_type=\"text-editor.default\">\n\t\t\t\t<div class=\"elementor-widget-container\">\n\t\t\t\t\t\t\t\t\t<p style=\"text-align: center;\">Fit im Auto<\/p>\t\t\t\t\t\t\t\t<\/div>\n\t\t\t\t<\/div>\n\t\t\t\t\t<\/div>\n\t\t\t\t<\/div>\n\t\t\t\t<\/div>\n\t\t","protected":false},"excerpt":{"rendered":"<p>Senioren Programme Sicher mobil im Alter \u2013 mit den Seniorenprogrammen der Verkehrswacht \u00a0 \u00c4lter werden bedeutet aktiv bleiben \u2013 und selbstbestimmt mobil sein. Die Verkehrswacht unterst\u00fctzt Sie dabei mit speziell entwickelten Programmen f\u00fcr Seniorinnen und Senioren.In unseren Kursen erfahren Sie, wie Sie auch im h\u00f6heren Alter sicher am Stra\u00dfenverkehr teilnehmen \u2013 ob zu Fu\u00df, mit [&hellip;]<\/p>\n","protected":false},"author":1,"featured_media":0,"parent":0,"menu_order":0,"comment_status":"closed","ping_status":"closed","template":"","meta":{"footnotes":""},"class_list":["post-116","page","type-page","status-publish","hentry"],"_links":{"self":[{"href":"https:\/\/kvw-barnim.de\/index.php\/wp-json\/wp\/v2\/pages\/116","targetHints":{"allow":["GET"]}}],"collection":[{"href":"https:\/\/kvw-barnim.de\/index.php\/wp-json\/wp\/v2\/pages"}],"about":[{"href":"https:\/\/kvw-barnim.de\/index.php\/wp-json\/wp\/v2\/types\/page"}],"author":[{"embeddable":true,"href":"https:\/\/kvw-barnim.de\/index.php\/wp-json\/wp\/v2\/users\/1"}],"replies":[{"embeddable":true,"href":"https:\/\/kvw-barnim.de\/index.php\/wp-json\/wp\/v2\/comments?post=116"}],"version-history":[{"count":13,"href":"https:\/\/kvw-barnim.de\/index.php\/wp-json\/wp\/v2\/pages\/116\/revisions"}],"predecessor-version":[{"id":983,"href":"https:\/\/kvw-barnim.de\/index.php\/wp-json\/wp\/v2\/pages\/116\/revisions\/983"}],"wp:attachment":[{"href":"https:\/\/kvw-barnim.de\/index.php\/wp-json\/wp\/v2\/media?parent=116"}],"curies":[{"name":"wp","href":"https:\/\/api.w.org\/{rel}","templated":true}]}}