{"id":238,"date":"2025-05-22T22:56:01","date_gmt":"2025-05-22T20:56:01","guid":{"rendered":"https:\/\/kreisverkehrswac-3ptxbths2x.live-website.com\/?page_id=238"},"modified":"2025-11-26T18:54:52","modified_gmt":"2025-11-26T17:54:52","slug":"sht-pkw","status":"publish","type":"page","link":"https:\/\/kvw-barnim.de\/index.php\/sht-pkw\/","title":{"rendered":"SHT PKW"},"content":{"rendered":"\t\t<div data-elementor-type=\"wp-page\" data-elementor-id=\"238\" class=\"elementor elementor-238\">\n\t\t\t\t<div class=\"elementor-element elementor-element-69ab430 e-flex e-con-boxed e-con e-parent\" data-id=\"69ab430\" data-element_type=\"container\" data-e-type=\"container\" data-settings=\"{&quot;background_background&quot;:&quot;classic&quot;}\">\n\t\t\t\t\t<div class=\"e-con-inner\">\n\t\t\t\t<div class=\"elementor-element elementor-element-ffde6d6 elementor-widget__width-initial elementor-widget elementor-widget-heading\" data-id=\"ffde6d6\" data-element_type=\"widget\" data-e-type=\"widget\" data-widget_type=\"heading.default\">\n\t\t\t\t<div class=\"elementor-widget-container\">\n\t\t\t\t\t<h2 class=\"elementor-heading-title elementor-size-default\">Fahrsicherheitstraining PKW<\/h2>\t\t\t\t<\/div>\n\t\t\t\t<\/div>\n\t\t\t\t\t<\/div>\n\t\t\t\t<\/div>\n\t\t<div class=\"elementor-element elementor-element-babbb68 e-flex e-con-boxed e-con e-parent\" data-id=\"babbb68\" data-element_type=\"container\" data-e-type=\"container\">\n\t\t\t\t\t<div class=\"e-con-inner\">\n\t\t\t\t<div class=\"elementor-element elementor-element-841d9e1 elementor-widget elementor-widget-spacer\" data-id=\"841d9e1\" data-element_type=\"widget\" data-e-type=\"widget\" data-widget_type=\"spacer.default\">\n\t\t\t\t<div class=\"elementor-widget-container\">\n\t\t\t\t\t\t\t<div class=\"elementor-spacer\">\n\t\t\t<div class=\"elementor-spacer-inner\"><\/div>\n\t\t<\/div>\n\t\t\t\t\t\t<\/div>\n\t\t\t\t<\/div>\n\t\t\t\t\t<\/div>\n\t\t\t\t<\/div>\n\t\t<div class=\"elementor-element elementor-element-a71ca3b e-flex e-con-boxed e-con e-parent\" data-id=\"a71ca3b\" data-element_type=\"container\" data-e-type=\"container\">\n\t\t\t\t\t<div class=\"e-con-inner\">\n\t\t\t\t<div class=\"elementor-element elementor-element-4607e2c elementor-widget elementor-widget-text-editor\" data-id=\"4607e2c\" data-element_type=\"widget\" data-e-type=\"widget\" data-widget_type=\"text-editor.default\">\n\t\t\t\t<div class=\"elementor-widget-container\">\n\t\t\t\t\t\t\t\t\t<h3 style=\"text-align: center;\" data-start=\"150\" data-end=\"241\"><span style=\"color: #008000;\"><strong data-start=\"154\" data-end=\"241\">Sicher ans Ziel \u2013 mit dem Pkw-Fahrsicherheitstraining der Kreisverkehrswacht Barnim<\/strong><\/span><\/h3><div><span style=\"color: #008000;\"><strong data-start=\"154\" data-end=\"241\">\u00a0<\/strong><\/span><\/div><p data-start=\"243\" data-end=\"311\"><strong data-start=\"243\" data-end=\"311\">Ob Alltag oder Ausnahmesituation \u2013 mit Sicherheit besser fahren!<\/strong><\/p><p data-start=\"313\" data-end=\"506\">Wie reagierst du, wenn pl\u00f6tzlich ein Kind auf die Stra\u00dfe l\u00e4uft? Oder dein Auto auf nasser Fahrbahn ins Schleudern ger\u00e4t? In solchen Momenten z\u00e4hlt jede Sekunde \u2013 und vor allem: sicheres K\u00f6nnen.<\/p><p data-start=\"508\" data-end=\"867\"><strong data-start=\"508\" data-end=\"601\">Unser Pkw-Fahrsicherheitstraining bereitet dich optimal auf solche Herausforderungen vor.<\/strong> Unter professioneller Anleitung lernst du in kontrollierter Umgebung, wie du dein Fahrzeug auch in Extremsituationen sicher beherrschst. Egal ob Fahranf\u00e4nger<em data-start=\"759\" data-end=\"775\">in, Vielfahrer<\/em>in oder Wiedereinsteiger*in \u2013 dieses Training macht dich sp\u00fcrbar sicherer im Stra\u00dfenverkehr.<\/p><p data-start=\"508\" data-end=\"867\">\u00a0<\/p><h3 data-start=\"869\" data-end=\"908\"><span style=\"color: #008000;\"><strong data-start=\"873\" data-end=\"908\">Deine Vorteile auf einen Blick:<\/strong><\/span><\/h3><ul data-start=\"909\" data-end=\"1225\"><li data-start=\"909\" data-end=\"959\"><p data-start=\"911\" data-end=\"959\">Erkennen und Vermeiden von Gefahrensituationen<\/p><\/li><li data-start=\"960\" data-end=\"1021\"><p data-start=\"962\" data-end=\"1021\">Brems- und Ausweichman\u00f6ver auf verschiedenen Untergr\u00fcnden<\/p><\/li><li data-start=\"1022\" data-end=\"1093\"><p data-start=\"1024\" data-end=\"1093\">Verhalten bei Aquaplaning, Kurvenfahrt und pl\u00f6tzlichen Hindernissen<\/p><\/li><li data-start=\"1094\" data-end=\"1159\"><p data-start=\"1096\" data-end=\"1159\">Verbesserung der Fahrzeugbeherrschung und Reaktionssicherheit<\/p><\/li><li data-start=\"1160\" data-end=\"1225\"><p data-start=\"1162\" data-end=\"1225\">Schulung mit geschulten Instruktor*innen und modernster Technik<br \/><br \/><\/p><\/li><\/ul><h3 style=\"text-align: center;\" data-start=\"1227\" data-end=\"1247\"><span style=\"color: #008000;\"><strong data-start=\"1231\" data-end=\"1247\">Wann und wo?<\/strong><\/span><\/h3><p style=\"text-align: center;\" data-start=\"1248\" data-end=\"1410\">Die Trainings finden regelm\u00e4\u00dfig auf unserem Gel\u00e4nde der Kreisverkehrswacht Barnim statt.\u00a0<\/p><h3 style=\"text-align: center;\" data-start=\"1412\" data-end=\"1473\"><span style=\"color: #008000;\"><strong data-start=\"1416\" data-end=\"1473\">Jetzt anmelden \u2013 f\u00fcr mehr Sicherheit auf jeder Fahrt!<\/strong><\/span><\/h3><p style=\"text-align: center;\" data-start=\"1475\" data-end=\"1563\"><strong data-start=\"1475\" data-end=\"1510\">Kreisverkehrswacht Barnim e. V.<\/strong><br data-start=\"1510\" data-end=\"1513\" \/>Gemeinsam f\u00fcr mehr Sicherheit auf unseren Stra\u00dfen.<\/p>\t\t\t\t\t\t\t\t<\/div>\n\t\t\t\t<\/div>\n\t\t\t\t\t<\/div>\n\t\t\t\t<\/div>\n\t\t\t\t<\/div>\n\t\t","protected":false},"excerpt":{"rendered":"<p>Fahrsicherheitstraining PKW Sicher ans Ziel \u2013 mit dem Pkw-Fahrsicherheitstraining der Kreisverkehrswacht Barnim \u00a0 Ob Alltag oder Ausnahmesituation \u2013 mit Sicherheit besser fahren! Wie reagierst du, wenn pl\u00f6tzlich ein Kind auf die Stra\u00dfe l\u00e4uft? Oder dein Auto auf nasser Fahrbahn ins Schleudern ger\u00e4t? In solchen Momenten z\u00e4hlt jede Sekunde \u2013 und vor allem: sicheres K\u00f6nnen. Unser [&hellip;]<\/p>\n","protected":false},"author":1,"featured_media":0,"parent":0,"menu_order":0,"comment_status":"closed","ping_status":"closed","template":"","meta":{"footnotes":""},"class_list":["post-238","page","type-page","status-publish","hentry"],"_links":{"self":[{"href":"https:\/\/kvw-barnim.de\/index.php\/wp-json\/wp\/v2\/pages\/238","targetHints":{"allow":["GET"]}}],"collection":[{"href":"https:\/\/kvw-barnim.de\/index.php\/wp-json\/wp\/v2\/pages"}],"about":[{"href":"https:\/\/kvw-barnim.de\/index.php\/wp-json\/wp\/v2\/types\/page"}],"author":[{"embeddable":true,"href":"https:\/\/kvw-barnim.de\/index.php\/wp-json\/wp\/v2\/users\/1"}],"replies":[{"embeddable":true,"href":"https:\/\/kvw-barnim.de\/index.php\/wp-json\/wp\/v2\/comments?post=238"}],"version-history":[{"count":43,"href":"https:\/\/kvw-barnim.de\/index.php\/wp-json\/wp\/v2\/pages\/238\/revisions"}],"predecessor-version":[{"id":827,"href":"https:\/\/kvw-barnim.de\/index.php\/wp-json\/wp\/v2\/pages\/238\/revisions\/827"}],"wp:attachment":[{"href":"https:\/\/kvw-barnim.de\/index.php\/wp-json\/wp\/v2\/media?parent=238"}],"curies":[{"name":"wp","href":"https:\/\/api.w.org\/{rel}","templated":true}]}}