{"id":239,"date":"2025-05-22T22:56:01","date_gmt":"2025-05-22T20:56:01","guid":{"rendered":"https:\/\/kreisverkehrswac-3ptxbths2x.live-website.com\/?page_id=239"},"modified":"2025-06-27T22:52:42","modified_gmt":"2025-06-27T20:52:42","slug":"sht-transporter","status":"publish","type":"page","link":"https:\/\/kvw-barnim.de\/index.php\/sht-transporter\/","title":{"rendered":"SHT Transporter"},"content":{"rendered":"\t\t<div data-elementor-type=\"wp-page\" data-elementor-id=\"239\" class=\"elementor elementor-239\">\n\t\t\t\t<div class=\"elementor-element elementor-element-e7aadf5 e-flex e-con-boxed e-con e-parent\" data-id=\"e7aadf5\" data-element_type=\"container\" data-e-type=\"container\" data-settings=\"{&quot;background_background&quot;:&quot;classic&quot;}\">\n\t\t\t\t\t<div class=\"e-con-inner\">\n\t\t\t\t<div class=\"elementor-element elementor-element-8fac07f elementor-widget__width-initial elementor-widget elementor-widget-heading\" data-id=\"8fac07f\" data-element_type=\"widget\" data-e-type=\"widget\" data-widget_type=\"heading.default\">\n\t\t\t\t<div class=\"elementor-widget-container\">\n\t\t\t\t\t<h2 class=\"elementor-heading-title elementor-size-default\">Fahrsicherheitstraining Transporter<\/h2>\t\t\t\t<\/div>\n\t\t\t\t<\/div>\n\t\t\t\t\t<\/div>\n\t\t\t\t<\/div>\n\t\t<div class=\"elementor-element elementor-element-a308063 e-flex e-con-boxed e-con e-parent\" data-id=\"a308063\" data-element_type=\"container\" data-e-type=\"container\">\n\t\t\t\t\t<div class=\"e-con-inner\">\n\t\t\t\t<div class=\"elementor-element elementor-element-dd21369 elementor-widget elementor-widget-spacer\" data-id=\"dd21369\" data-element_type=\"widget\" data-e-type=\"widget\" data-widget_type=\"spacer.default\">\n\t\t\t\t<div class=\"elementor-widget-container\">\n\t\t\t\t\t\t\t<div class=\"elementor-spacer\">\n\t\t\t<div class=\"elementor-spacer-inner\"><\/div>\n\t\t<\/div>\n\t\t\t\t\t\t<\/div>\n\t\t\t\t<\/div>\n\t\t\t\t\t<\/div>\n\t\t\t\t<\/div>\n\t\t<div class=\"elementor-element elementor-element-88e4bfa e-flex e-con-boxed e-con e-parent\" data-id=\"88e4bfa\" data-element_type=\"container\" data-e-type=\"container\">\n\t\t\t\t\t<div class=\"e-con-inner\">\n\t\t\t\t<div class=\"elementor-element elementor-element-34dd7a7 elementor-widget elementor-widget-text-editor\" data-id=\"34dd7a7\" data-element_type=\"widget\" data-e-type=\"widget\" data-widget_type=\"text-editor.default\">\n\t\t\t\t<div class=\"elementor-widget-container\">\n\t\t\t\t\t\t\t\t\t<h3 style=\"text-align: center;\" data-start=\"127\" data-end=\"206\"><span style=\"color: #008000;\"><strong data-start=\"131\" data-end=\"204\">Fahrsicherheitstraining f\u00fcr Transporter \u2013 Sicher unterwegs im Gewerbe<\/strong><\/span><\/h3><p>\u00a0<\/p><p data-start=\"207\" data-end=\"244\"><strong data-start=\"207\" data-end=\"244\">Mit der Kreisverkehrswacht Barnim<\/strong><\/p><p data-start=\"246\" data-end=\"468\">Transporter sind auf unseren Stra\u00dfen unverzichtbar \u2013 aber gerade bei gr\u00f6\u00dferem Fahrzeuggewicht und Ladevolumen stellt sich schnell die Frage: Wie bleibe ich auch in stressigen oder unerwarteten Situationen sicher unterwegs?<\/p><p data-start=\"470\" data-end=\"779\">Unser <strong data-start=\"476\" data-end=\"519\">Fahrsicherheitstraining f\u00fcr Transporter<\/strong> vermittelt dir wertvolle Kenntnisse und praktische F\u00e4higkeiten, um dein Fahrzeug jederzeit souver\u00e4n zu steuern. Ideal f\u00fcr gewerbliche Fahrer<em data-start=\"660\" data-end=\"721\">innen, Lieferdienste oder Unternehmen, die ihre Mitarbeiter<\/em>innen sicherer im Stra\u00dfenverkehr unterwegs machen m\u00f6chten.<\/p><p data-start=\"470\" data-end=\"779\">\u00a0<\/p><h3 data-start=\"786\" data-end=\"825\"><span style=\"color: #008000;\"><strong data-start=\"790\" data-end=\"825\">Deine Vorteile auf einen Blick:<\/strong><\/span><\/h3><p data-start=\"826\" data-end=\"1183\">\u2714 Richtiges Bremsen und Ausweichen mit schwerem Fahrzeug<br data-start=\"882\" data-end=\"885\" \/>\u2714 Fahrverhalten bei Vollbeladung und unterschiedlichen Stra\u00dfenverh\u00e4ltnissen<br data-start=\"960\" data-end=\"963\" \/>\u2714 Unfallverh\u00fctung durch gezielte Schulung in Gefahrensituationen<br data-start=\"1027\" data-end=\"1030\" \/>\u2714 Optimierung der Fahrzeugbeherrschung in engen Kurven und auf steilen Gef\u00e4llen<br data-start=\"1109\" data-end=\"1112\" \/>\u2714 Erh\u00f6hung der Reaktionsgeschwindigkeit und Sicherheit im Berufsverkehr<\/p><p data-start=\"826\" data-end=\"1183\">\u00a0<\/p><h3 data-start=\"1190\" data-end=\"1234\"><span style=\"color: #008000;\"><strong data-start=\"1194\" data-end=\"1232\">F\u00fcr wen ist das Training geeignet?<\/strong><\/span><\/h3><p data-start=\"1235\" data-end=\"1391\">F\u00fcr alle, die regelm\u00e4\u00dfig Transporter fahren \u2013 vom Handwerksbetrieb \u00fcber Logistikunternehmen bis hin zu Speditionen. <strong data-start=\"1351\" data-end=\"1391\">Mehr Sicherheit f\u00fcr dich und andere!<\/strong><\/p><p data-start=\"1235\" data-end=\"1391\">\u00a0<\/p><h3 style=\"text-align: center;\" data-start=\"1227\" data-end=\"1247\"><span style=\"color: #008000;\"><strong data-start=\"1231\" data-end=\"1247\">Wann und wo?<\/strong><\/span><\/h3><p style=\"text-align: center;\" data-start=\"1248\" data-end=\"1410\">Die Trainings finden regelm\u00e4\u00dfig auf unserem Gel\u00e4nde der Kreisverkehrswacht Barnim statt.\u00a0<\/p><h3 style=\"text-align: center;\" data-start=\"1412\" data-end=\"1473\"><span style=\"color: #008000;\"><strong data-start=\"1416\" data-end=\"1473\">Jetzt anmelden \u2013 f\u00fcr mehr Sicherheit auf jeder Fahrt!<\/strong><\/span><\/h3><p style=\"text-align: center;\" data-start=\"1475\" data-end=\"1563\"><strong data-start=\"1475\" data-end=\"1510\">Kreisverkehrswacht Barnim e. V.<\/strong><br data-start=\"1510\" data-end=\"1513\" \/>Gemeinsam f\u00fcr mehr Sicherheit auf unseren Stra\u00dfen.<\/p>\t\t\t\t\t\t\t\t<\/div>\n\t\t\t\t<\/div>\n\t\t\t\t\t<\/div>\n\t\t\t\t<\/div>\n\t\t\t\t<\/div>\n\t\t","protected":false},"excerpt":{"rendered":"<p>Fahrsicherheitstraining Transporter Fahrsicherheitstraining f\u00fcr Transporter \u2013 Sicher unterwegs im Gewerbe \u00a0 Mit der Kreisverkehrswacht Barnim Transporter sind auf unseren Stra\u00dfen unverzichtbar \u2013 aber gerade bei gr\u00f6\u00dferem Fahrzeuggewicht und Ladevolumen stellt sich schnell die Frage: Wie bleibe ich auch in stressigen oder unerwarteten Situationen sicher unterwegs? Unser Fahrsicherheitstraining f\u00fcr Transporter vermittelt dir wertvolle Kenntnisse und praktische [&hellip;]<\/p>\n","protected":false},"author":1,"featured_media":0,"parent":0,"menu_order":0,"comment_status":"closed","ping_status":"closed","template":"","meta":{"footnotes":""},"class_list":["post-239","page","type-page","status-publish","hentry"],"_links":{"self":[{"href":"https:\/\/kvw-barnim.de\/index.php\/wp-json\/wp\/v2\/pages\/239","targetHints":{"allow":["GET"]}}],"collection":[{"href":"https:\/\/kvw-barnim.de\/index.php\/wp-json\/wp\/v2\/pages"}],"about":[{"href":"https:\/\/kvw-barnim.de\/index.php\/wp-json\/wp\/v2\/types\/page"}],"author":[{"embeddable":true,"href":"https:\/\/kvw-barnim.de\/index.php\/wp-json\/wp\/v2\/users\/1"}],"replies":[{"embeddable":true,"href":"https:\/\/kvw-barnim.de\/index.php\/wp-json\/wp\/v2\/comments?post=239"}],"version-history":[{"count":19,"href":"https:\/\/kvw-barnim.de\/index.php\/wp-json\/wp\/v2\/pages\/239\/revisions"}],"predecessor-version":[{"id":685,"href":"https:\/\/kvw-barnim.de\/index.php\/wp-json\/wp\/v2\/pages\/239\/revisions\/685"}],"wp:attachment":[{"href":"https:\/\/kvw-barnim.de\/index.php\/wp-json\/wp\/v2\/media?parent=239"}],"curies":[{"name":"wp","href":"https:\/\/api.w.org\/{rel}","templated":true}]}}