{"id":240,"date":"2025-05-22T22:56:01","date_gmt":"2025-05-22T20:56:01","guid":{"rendered":"https:\/\/kreisverkehrswac-3ptxbths2x.live-website.com\/?page_id=240"},"modified":"2025-06-27T20:52:22","modified_gmt":"2025-06-27T18:52:22","slug":"sht-motorrad","status":"publish","type":"page","link":"https:\/\/kvw-barnim.de\/index.php\/sht-motorrad\/","title":{"rendered":"SHT Motorrad"},"content":{"rendered":"\t\t<div data-elementor-type=\"wp-page\" data-elementor-id=\"240\" class=\"elementor elementor-240\">\n\t\t\t\t<div class=\"elementor-element elementor-element-bc180c4 e-flex e-con-boxed e-con e-parent\" data-id=\"bc180c4\" data-element_type=\"container\" data-e-type=\"container\" data-settings=\"{&quot;background_background&quot;:&quot;classic&quot;}\">\n\t\t\t\t\t<div class=\"e-con-inner\">\n\t\t\t\t<div class=\"elementor-element elementor-element-ca43086 elementor-widget elementor-widget-heading\" data-id=\"ca43086\" data-element_type=\"widget\" data-e-type=\"widget\" data-widget_type=\"heading.default\">\n\t\t\t\t<div class=\"elementor-widget-container\">\n\t\t\t\t\t<h2 class=\"elementor-heading-title elementor-size-default\">Fahrsicherheitstraining Motorrad<\/h2>\t\t\t\t<\/div>\n\t\t\t\t<\/div>\n\t\t\t\t\t<\/div>\n\t\t\t\t<\/div>\n\t\t<div class=\"elementor-element elementor-element-882f9df e-flex e-con-boxed e-con e-parent\" data-id=\"882f9df\" data-element_type=\"container\" data-e-type=\"container\">\n\t\t\t\t\t<div class=\"e-con-inner\">\n\t\t\t\t<div class=\"elementor-element elementor-element-6077a0a elementor-widget elementor-widget-spacer\" data-id=\"6077a0a\" data-element_type=\"widget\" data-e-type=\"widget\" data-widget_type=\"spacer.default\">\n\t\t\t\t<div class=\"elementor-widget-container\">\n\t\t\t\t\t\t\t<div class=\"elementor-spacer\">\n\t\t\t<div class=\"elementor-spacer-inner\"><\/div>\n\t\t<\/div>\n\t\t\t\t\t\t<\/div>\n\t\t\t\t<\/div>\n\t\t\t\t\t<\/div>\n\t\t\t\t<\/div>\n\t\t<div class=\"elementor-element elementor-element-d5ea1a2 e-flex e-con-boxed e-con e-parent\" data-id=\"d5ea1a2\" data-element_type=\"container\" data-e-type=\"container\" data-settings=\"{&quot;background_background&quot;:&quot;classic&quot;}\">\n\t\t\t\t\t<div class=\"e-con-inner\">\n\t\t\t\t<div class=\"elementor-element elementor-element-6f8c1c3 elementor-widget elementor-widget-text-editor\" data-id=\"6f8c1c3\" data-element_type=\"widget\" data-e-type=\"widget\" data-widget_type=\"text-editor.default\">\n\t\t\t\t<div class=\"elementor-widget-container\">\n\t\t\t\t\t\t\t\t\t<h3 style=\"text-align: center;\" data-start=\"184\" data-end=\"258\"><span style=\"color: #008000;\"><strong data-start=\"188\" data-end=\"256\">Motorrad-Fahrsicherheitstraining \u2013 Sicher in die Saison starten!<\/strong><\/span><\/h3><div><span style=\"color: #008000;\"><strong data-start=\"188\" data-end=\"256\">\u00a0<\/strong><\/span><\/div><p data-start=\"259\" data-end=\"296\"><strong data-start=\"259\" data-end=\"296\">Mit der Kreisverkehrswacht Barnim<\/strong><\/p><p data-start=\"298\" data-end=\"391\">Du liebst die Freiheit auf zwei R\u00e4dern? Dann sorge daf\u00fcr, dass du sie sicher genie\u00dfen kannst!<\/p><p data-start=\"393\" data-end=\"589\">Unser <strong data-start=\"399\" data-end=\"435\">Motorrad-Fahrsicherheitstraining<\/strong> hilft dir dabei, dein Bike in jeder Situation im Griff zu behalten \u2013 egal ob auf kurvigen Landstra\u00dfen, bei Vollbremsungen oder unerwarteten Hindernissen.<\/p><p data-start=\"591\" data-end=\"715\"><strong data-start=\"591\" data-end=\"715\">Trainiere mit erfahrenen Instruktor*innen unter realistischen Bedingungen \u2013 f\u00fcr mehr Sicherheit, Kontrolle und Fahrspa\u00df.<\/strong><\/p><h3 data-start=\"722\" data-end=\"748\">\u00a0<\/h3><h3 data-start=\"722\" data-end=\"748\"><span style=\"color: #008000;\"><strong data-start=\"726\" data-end=\"748\">Das erwartet dich:<\/strong><\/span><\/h3><p data-start=\"749\" data-end=\"973\"><img decoding=\"async\" class=\"emoji\" role=\"img\" draggable=\"false\" src=\"https:\/\/s.w.org\/images\/core\/emoji\/15.1.0\/svg\/2714.svg\" alt=\"\u2714\" \/> Sicheres Bremsen auf unterschiedlichen Untergr\u00fcnden<br data-start=\"802\" data-end=\"805\" \/><img decoding=\"async\" class=\"emoji\" role=\"img\" draggable=\"false\" src=\"https:\/\/s.w.org\/images\/core\/emoji\/15.1.0\/svg\/2714.svg\" alt=\"\u2714\" \/> Ausweichen bei pl\u00f6tzlichen Hindernissen<br data-start=\"846\" data-end=\"849\" \/><img decoding=\"async\" class=\"emoji\" role=\"img\" draggable=\"false\" src=\"https:\/\/s.w.org\/images\/core\/emoji\/15.1.0\/svg\/2714.svg\" alt=\"\u2714\" \/> Kurventechniken und Blickf\u00fchrung<br data-start=\"883\" data-end=\"886\" \/><img decoding=\"async\" class=\"emoji\" role=\"img\" draggable=\"false\" src=\"https:\/\/s.w.org\/images\/core\/emoji\/15.1.0\/svg\/2714.svg\" alt=\"\u2714\" \/> Fahrphysik verstehen und richtig umsetzen<br data-start=\"929\" data-end=\"932\" \/><img decoding=\"async\" class=\"emoji\" role=\"img\" draggable=\"false\" src=\"https:\/\/s.w.org\/images\/core\/emoji\/15.1.0\/svg\/2714.svg\" alt=\"\u2714\" \/> Praktische \u00dcbungen in sicherer Umgebung<\/p><h3 data-start=\"980\" data-end=\"1023\">\u00a0<\/h3><h3 data-start=\"980\" data-end=\"1023\"><span style=\"color: #008000;\"><strong data-start=\"984\" data-end=\"1021\">F\u00fcr wen ist das Training gedacht?<\/strong><\/span><\/h3><p data-start=\"1024\" data-end=\"1141\">F\u00fcr Einsteiger, Wiedereinsteiger und erfahrene Biker \u2013 kurz: f\u00fcr alle, die sicher und souver\u00e4n unterwegs sein wollen.<\/p><p data-start=\"1024\" data-end=\"1141\">\u00a0<\/p><p data-start=\"1024\" data-end=\"1141\">\u00a0<\/p><h3 style=\"text-align: center;\" data-start=\"1227\" data-end=\"1247\"><span style=\"color: #008000;\"><strong data-start=\"1231\" data-end=\"1247\">Wann und wo?<\/strong><\/span><\/h3><p style=\"text-align: center;\" data-start=\"1248\" data-end=\"1410\">Die Trainings finden regelm\u00e4\u00dfig auf unserem Gel\u00e4nde der Kreisverkehrswacht Barnim statt.\u00a0<\/p><h3 style=\"text-align: center;\" data-start=\"1412\" data-end=\"1473\"><span style=\"color: #008000;\"><strong data-start=\"1416\" data-end=\"1473\">Jetzt anmelden \u2013 f\u00fcr mehr Sicherheit auf jeder Fahrt!<\/strong><\/span><\/h3><p style=\"text-align: center;\" data-start=\"1475\" data-end=\"1563\"><strong data-start=\"1475\" data-end=\"1510\">Kreisverkehrswacht Barnim e. V.<\/strong><br data-start=\"1510\" data-end=\"1513\" \/>Gemeinsam f\u00fcr mehr Sicherheit auf unseren Stra\u00dfen.<\/p>\t\t\t\t\t\t\t\t<\/div>\n\t\t\t\t<\/div>\n\t\t\t\t\t<\/div>\n\t\t\t\t<\/div>\n\t\t\t\t<\/div>\n\t\t","protected":false},"excerpt":{"rendered":"<p>Fahrsicherheitstraining Motorrad Motorrad-Fahrsicherheitstraining \u2013 Sicher in die Saison starten! \u00a0 Mit der Kreisverkehrswacht Barnim Du liebst die Freiheit auf zwei R\u00e4dern? Dann sorge daf\u00fcr, dass du sie sicher genie\u00dfen kannst! Unser Motorrad-Fahrsicherheitstraining hilft dir dabei, dein Bike in jeder Situation im Griff zu behalten \u2013 egal ob auf kurvigen Landstra\u00dfen, bei Vollbremsungen oder unerwarteten Hindernissen. [&hellip;]<\/p>\n","protected":false},"author":1,"featured_media":0,"parent":0,"menu_order":0,"comment_status":"closed","ping_status":"closed","template":"","meta":{"footnotes":""},"class_list":["post-240","page","type-page","status-publish","hentry"],"_links":{"self":[{"href":"https:\/\/kvw-barnim.de\/index.php\/wp-json\/wp\/v2\/pages\/240","targetHints":{"allow":["GET"]}}],"collection":[{"href":"https:\/\/kvw-barnim.de\/index.php\/wp-json\/wp\/v2\/pages"}],"about":[{"href":"https:\/\/kvw-barnim.de\/index.php\/wp-json\/wp\/v2\/types\/page"}],"author":[{"embeddable":true,"href":"https:\/\/kvw-barnim.de\/index.php\/wp-json\/wp\/v2\/users\/1"}],"replies":[{"embeddable":true,"href":"https:\/\/kvw-barnim.de\/index.php\/wp-json\/wp\/v2\/comments?post=240"}],"version-history":[{"count":16,"href":"https:\/\/kvw-barnim.de\/index.php\/wp-json\/wp\/v2\/pages\/240\/revisions"}],"predecessor-version":[{"id":626,"href":"https:\/\/kvw-barnim.de\/index.php\/wp-json\/wp\/v2\/pages\/240\/revisions\/626"}],"wp:attachment":[{"href":"https:\/\/kvw-barnim.de\/index.php\/wp-json\/wp\/v2\/media?parent=240"}],"curies":[{"name":"wp","href":"https:\/\/api.w.org\/{rel}","templated":true}]}}