{"id":256,"date":"2025-05-23T21:58:08","date_gmt":"2025-05-23T19:58:08","guid":{"rendered":"https:\/\/kreisverkehrswac-3ptxbths2x.live-website.com\/?page_id=256"},"modified":"2025-06-25T22:39:08","modified_gmt":"2025-06-25T20:39:08","slug":"mobil-bleiben-aber-sicher","status":"publish","type":"page","link":"https:\/\/kvw-barnim.de\/index.php\/mobil-bleiben-aber-sicher\/","title":{"rendered":"Mobil bleiben aber sicher"},"content":{"rendered":"\t\t<div data-elementor-type=\"wp-page\" data-elementor-id=\"256\" class=\"elementor elementor-256\">\n\t\t\t\t<div class=\"elementor-element elementor-element-a3e7d41 e-flex e-con-boxed e-con e-parent\" data-id=\"a3e7d41\" data-element_type=\"container\" data-e-type=\"container\">\n\t\t\t\t\t<div class=\"e-con-inner\">\n\t\t\t\t<div class=\"elementor-element elementor-element-3dcb480 elementor-widget elementor-widget-heading\" data-id=\"3dcb480\" data-element_type=\"widget\" data-e-type=\"widget\" data-settings=\"{&quot;_animation&quot;:&quot;none&quot;}\" data-widget_type=\"heading.default\">\n\t\t\t\t<div class=\"elementor-widget-container\">\n\t\t\t\t\t<h2 class=\"elementor-heading-title elementor-size-default\">Mobil bleiben aber sicher!<\/h2>\t\t\t\t<\/div>\n\t\t\t\t<\/div>\n\t\t\t\t\t<\/div>\n\t\t\t\t<\/div>\n\t\t<div class=\"elementor-element elementor-element-1cca136 e-flex e-con-boxed e-con e-parent\" data-id=\"1cca136\" data-element_type=\"container\" data-e-type=\"container\">\n\t\t\t\t\t<div class=\"e-con-inner\">\n\t\t\t\t<div class=\"elementor-element elementor-element-26e2775 elementor-widget elementor-widget-spacer\" data-id=\"26e2775\" data-element_type=\"widget\" data-e-type=\"widget\" data-widget_type=\"spacer.default\">\n\t\t\t\t<div class=\"elementor-widget-container\">\n\t\t\t\t\t\t\t<div class=\"elementor-spacer\">\n\t\t\t<div class=\"elementor-spacer-inner\"><\/div>\n\t\t<\/div>\n\t\t\t\t\t\t<\/div>\n\t\t\t\t<\/div>\n\t\t\t\t\t<\/div>\n\t\t\t\t<\/div>\n\t\t<div class=\"elementor-element elementor-element-845b65f e-flex e-con-boxed e-con e-parent\" data-id=\"845b65f\" data-element_type=\"container\" data-e-type=\"container\">\n\t\t\t\t\t<div class=\"e-con-inner\">\n\t\t\t\t<div class=\"elementor-element elementor-element-4b33152 elementor-widget elementor-widget-text-editor\" data-id=\"4b33152\" data-element_type=\"widget\" data-e-type=\"widget\" data-widget_type=\"text-editor.default\">\n\t\t\t\t<div class=\"elementor-widget-container\">\n\t\t\t\t\t\t\t\t\t<div class=\"wp-block-uagb-advanced-heading uagb-block-94502d65\">\n<h2 class=\"uagb-heading-text\" style=\"text-align: center;\"><span style=\"color: #008000;\">Erlebnistage zur sicheren Mobilit\u00e4t im Alter<\/span><\/h2>\n<p><\/p>\n<\/div>\n<p>Ein Ausflug ins Gr\u00fcne. Sie fahren entspannt auf der Landstra\u00dfe und freuen sich auf den Nachmittagskaffee. Pl\u00f6tzlich bremst das Auto vor Ihnen. Sie m\u00fcssen voll in die Eisen steigen. Da kracht es auch schon.<\/p>\n<p>Zum Gl\u00fcck ist nichts passiert, denn der Unfall ist nur am Pkw-Fahrsimulator geschehen. Dennoch fragen Sie sich vielleicht: War ich abgelenkt? W\u00e4re ich vielleicht doch rechtzeitig zum Stehen gekommen, wenn ich schneller reagiert h\u00e4tte?<\/p><p><br><\/p>\n<p>Antworten auf diese und viele weitere Fragen zur sicheren Mobilit\u00e4t im Alter erhalten Sie bei den Verkehrssicherheitstagen \u201eMobil bleiben, aber sicher!\u201c. An zahlreichen Aktionsger\u00e4ten, wie dem Pkw-Simulator oder Seh- und Reaktionstestger\u00e4ten, k\u00f6nnen Sie unverbindlich Ihre F\u00e4higkeiten testen. Unsere Verkehrswachten beraten Sie gern zu Ihren Fragen rund um die sichere Mobilit\u00e4t. Mehr noch: Sie bieten oft ganz praktische Unterst\u00fctzung.<\/p><p><br><\/p>\n<p>Die Verkehrssicherheitstage werden bundesweit an sehr unterschiedlichen Orten angeboten: bei Dorf- und Stadtfesten, Seniorentagen oder Messen ebenso wie in Seniorenfreizeitst\u00e4tten. Sie sind kostenlos und k\u00f6nnen ohne Anmeldung besucht werden.<\/p>\t\t\t\t\t\t\t\t<\/div>\n\t\t\t\t<\/div>\n\t\t\t\t\t<\/div>\n\t\t\t\t<\/div>\n\t\t\t\t<\/div>\n\t\t","protected":false},"excerpt":{"rendered":"<p>Mobil bleiben aber sicher! Erlebnistage zur sicheren Mobilit\u00e4t im Alter Ein Ausflug ins Gr\u00fcne. Sie fahren entspannt auf der Landstra\u00dfe und freuen sich auf den Nachmittagskaffee. Pl\u00f6tzlich bremst das Auto vor Ihnen. Sie m\u00fcssen voll in die Eisen steigen. Da kracht es auch schon. Zum Gl\u00fcck ist nichts passiert, denn der Unfall ist nur am [&hellip;]<\/p>\n","protected":false},"author":1,"featured_media":0,"parent":0,"menu_order":0,"comment_status":"closed","ping_status":"closed","template":"","meta":{"footnotes":""},"class_list":["post-256","page","type-page","status-publish","hentry"],"_links":{"self":[{"href":"https:\/\/kvw-barnim.de\/index.php\/wp-json\/wp\/v2\/pages\/256","targetHints":{"allow":["GET"]}}],"collection":[{"href":"https:\/\/kvw-barnim.de\/index.php\/wp-json\/wp\/v2\/pages"}],"about":[{"href":"https:\/\/kvw-barnim.de\/index.php\/wp-json\/wp\/v2\/types\/page"}],"author":[{"embeddable":true,"href":"https:\/\/kvw-barnim.de\/index.php\/wp-json\/wp\/v2\/users\/1"}],"replies":[{"embeddable":true,"href":"https:\/\/kvw-barnim.de\/index.php\/wp-json\/wp\/v2\/comments?post=256"}],"version-history":[{"count":7,"href":"https:\/\/kvw-barnim.de\/index.php\/wp-json\/wp\/v2\/pages\/256\/revisions"}],"predecessor-version":[{"id":548,"href":"https:\/\/kvw-barnim.de\/index.php\/wp-json\/wp\/v2\/pages\/256\/revisions\/548"}],"wp:attachment":[{"href":"https:\/\/kvw-barnim.de\/index.php\/wp-json\/wp\/v2\/media?parent=256"}],"curies":[{"name":"wp","href":"https:\/\/api.w.org\/{rel}","templated":true}]}}