{"id":257,"date":"2025-05-23T21:58:08","date_gmt":"2025-05-23T19:58:08","guid":{"rendered":"https:\/\/kreisverkehrswac-3ptxbths2x.live-website.com\/?page_id=257"},"modified":"2025-06-25T22:41:40","modified_gmt":"2025-06-25T20:41:40","slug":"sicher-mobil","status":"publish","type":"page","link":"https:\/\/kvw-barnim.de\/index.php\/sicher-mobil\/","title":{"rendered":"Sicher mobil"},"content":{"rendered":"\t\t<div data-elementor-type=\"wp-page\" data-elementor-id=\"257\" class=\"elementor elementor-257\">\n\t\t\t\t<div class=\"elementor-element elementor-element-c9cbe40 e-flex e-con-boxed e-con e-parent\" data-id=\"c9cbe40\" data-element_type=\"container\" data-e-type=\"container\">\n\t\t\t\t\t<div class=\"e-con-inner\">\n\t\t\t\t<div class=\"elementor-element elementor-element-2159b7f elementor-widget elementor-widget-heading\" data-id=\"2159b7f\" data-element_type=\"widget\" data-e-type=\"widget\" data-settings=\"{&quot;_animation&quot;:&quot;none&quot;}\" data-widget_type=\"heading.default\">\n\t\t\t\t<div class=\"elementor-widget-container\">\n\t\t\t\t\t<h2 class=\"elementor-heading-title elementor-size-default\">sicher mobil<\/h2>\t\t\t\t<\/div>\n\t\t\t\t<\/div>\n\t\t\t\t\t<\/div>\n\t\t\t\t<\/div>\n\t\t<div class=\"elementor-element elementor-element-5acc9f4 e-flex e-con-boxed e-con e-parent\" data-id=\"5acc9f4\" data-element_type=\"container\" data-e-type=\"container\">\n\t\t\t\t\t<div class=\"e-con-inner\">\n\t\t\t\t<div class=\"elementor-element elementor-element-1e9af13 elementor-widget elementor-widget-spacer\" data-id=\"1e9af13\" data-element_type=\"widget\" data-e-type=\"widget\" data-widget_type=\"spacer.default\">\n\t\t\t\t<div class=\"elementor-widget-container\">\n\t\t\t\t\t\t\t<div class=\"elementor-spacer\">\n\t\t\t<div class=\"elementor-spacer-inner\"><\/div>\n\t\t<\/div>\n\t\t\t\t\t\t<\/div>\n\t\t\t\t<\/div>\n\t\t\t\t\t<\/div>\n\t\t\t\t<\/div>\n\t\t<div class=\"elementor-element elementor-element-4fae7dd e-flex e-con-boxed e-con e-parent\" data-id=\"4fae7dd\" data-element_type=\"container\" data-e-type=\"container\">\n\t\t\t\t\t<div class=\"e-con-inner\">\n\t\t\t\t<div class=\"elementor-element elementor-element-9b9726d elementor-widget elementor-widget-text-editor\" data-id=\"9b9726d\" data-element_type=\"widget\" data-e-type=\"widget\" data-widget_type=\"text-editor.default\">\n\t\t\t\t<div class=\"elementor-widget-container\">\n\t\t\t\t\t\t\t\t\t<div class=\"wp-block-uagb-advanced-heading uagb-block-b2e409c9\"><h2 class=\"uagb-heading-text\" style=\"text-align: center;\"><span style=\"color: #008000;\">Gespr\u00e4chsrunden zur sicheren Mobilit\u00e4t im Alter<\/span><\/h2><p>\u00a0<\/p><\/div><p>Sie m\u00f6chten sich zu Ihren Fragen rund um die sichere Mobilit\u00e4t im Alter informieren und mit anderen austauschen? Gleichgesinnte finden Sie in den moderierten Gespr\u00e4chsrunden \u201esicher mobil\u201c. Hier diskutieren die Teilnehmerinnen und Teilnehmer \u00fcber Probleme auf ihren t\u00e4glichen Wegen und beraten gemeinsam L\u00f6sungen.<\/p><p>\u00a0<\/p><p>Dabei k\u00f6nnen ganz unterschiedliche Themen auf dem Programm stehen: Welche neuen Regelungen und ge\u00e4nderten Vorschriften gibt es? Wie bedient man neue Techniken? Wie steht es um die Gesundheit und Beweglichkeit? Unsere \u201esicher mobil\u201c-Moderierenden greifen diese und viele weitere Fragen in den Veranstaltungen auf und besprechen diese in kleinen Gruppen. Hier k\u00f6nnen die Teilnehmerinnen und Teilnehmer auch ihre besonderen Interessen und pers\u00f6nlichen Fragestellungen einbringen.\u00a0<\/p><p>\u00a0<\/p><p>Das Programm richtet sich an aktive Verkehrsteilnehmerinnen und Verkehrsteilnehmer ab 65 Jahren. Dabei ist es egal, ob sie mit dem Auto, dem Fahrrad oder Pedelec, zu Fu\u00df oder mit den \u00f6ffentlichen Verkehrsmitteln unterwegs sind. Ziel ist es, ihnen Kenntnisse und F\u00e4higkeiten zur sicheren Mobilit\u00e4t zu vermitteln. Diese sollen den Teilnehmerinnen und Teilnehmern helfen, m\u00f6glichst lange und sicher mobil zu bleiben.<\/p><p>\u00a0<\/p><p>Die Veranstaltungen in \u201esicher mobil\u201c sind kostenfrei und werden in kleinen Gruppen durchgef\u00fchrt. Eine Veranstaltung dauert meist anderthalb bis zwei Stunden. Geleitet werden die Gespr\u00e4chsrunden von Moderatorinnen und Moderatoren der Deutschen Verkehrswacht, die speziell daf\u00fcr ausgebildet wurden.<\/p><p>\u00a0<\/p><p>Der Deutsche Verkehrssicherheitsrat e. V. (DVR) konzipierte \u201esicher mobil\u201c.<\/p>\t\t\t\t\t\t\t\t<\/div>\n\t\t\t\t<\/div>\n\t\t\t\t\t<\/div>\n\t\t\t\t<\/div>\n\t\t\t\t<\/div>\n\t\t","protected":false},"excerpt":{"rendered":"<p>sicher mobil Gespr\u00e4chsrunden zur sicheren Mobilit\u00e4t im Alter \u00a0 Sie m\u00f6chten sich zu Ihren Fragen rund um die sichere Mobilit\u00e4t im Alter informieren und mit anderen austauschen? Gleichgesinnte finden Sie in den moderierten Gespr\u00e4chsrunden \u201esicher mobil\u201c. Hier diskutieren die Teilnehmerinnen und Teilnehmer \u00fcber Probleme auf ihren t\u00e4glichen Wegen und beraten gemeinsam L\u00f6sungen. \u00a0 Dabei k\u00f6nnen [&hellip;]<\/p>\n","protected":false},"author":1,"featured_media":0,"parent":0,"menu_order":0,"comment_status":"closed","ping_status":"closed","template":"","meta":{"footnotes":""},"class_list":["post-257","page","type-page","status-publish","hentry"],"_links":{"self":[{"href":"https:\/\/kvw-barnim.de\/index.php\/wp-json\/wp\/v2\/pages\/257","targetHints":{"allow":["GET"]}}],"collection":[{"href":"https:\/\/kvw-barnim.de\/index.php\/wp-json\/wp\/v2\/pages"}],"about":[{"href":"https:\/\/kvw-barnim.de\/index.php\/wp-json\/wp\/v2\/types\/page"}],"author":[{"embeddable":true,"href":"https:\/\/kvw-barnim.de\/index.php\/wp-json\/wp\/v2\/users\/1"}],"replies":[{"embeddable":true,"href":"https:\/\/kvw-barnim.de\/index.php\/wp-json\/wp\/v2\/comments?post=257"}],"version-history":[{"count":4,"href":"https:\/\/kvw-barnim.de\/index.php\/wp-json\/wp\/v2\/pages\/257\/revisions"}],"predecessor-version":[{"id":551,"href":"https:\/\/kvw-barnim.de\/index.php\/wp-json\/wp\/v2\/pages\/257\/revisions\/551"}],"wp:attachment":[{"href":"https:\/\/kvw-barnim.de\/index.php\/wp-json\/wp\/v2\/media?parent=257"}],"curies":[{"name":"wp","href":"https:\/\/api.w.org\/{rel}","templated":true}]}}