{"id":267,"date":"2025-05-23T22:03:56","date_gmt":"2025-05-23T20:03:56","guid":{"rendered":"https:\/\/kreisverkehrswac-3ptxbths2x.live-website.com\/?page_id=267"},"modified":"2025-06-25T22:19:43","modified_gmt":"2025-06-25T20:19:43","slug":"fit-und-flink","status":"publish","type":"page","link":"https:\/\/kvw-barnim.de\/index.php\/fit-und-flink\/","title":{"rendered":"Fit und Flink"},"content":{"rendered":"\t\t<div data-elementor-type=\"wp-page\" data-elementor-id=\"267\" class=\"elementor elementor-267\">\n\t\t\t\t<div class=\"elementor-element elementor-element-e5fe6b5 e-flex e-con-boxed e-con e-parent\" data-id=\"e5fe6b5\" data-element_type=\"container\" data-e-type=\"container\">\n\t\t\t\t\t<div class=\"e-con-inner\">\n\t\t\t\t<div class=\"elementor-element elementor-element-e4374ea elementor-widget elementor-widget-heading\" data-id=\"e4374ea\" data-element_type=\"widget\" data-e-type=\"widget\" data-widget_type=\"heading.default\">\n\t\t\t\t<div class=\"elementor-widget-container\">\n\t\t\t\t\t<h2 class=\"elementor-heading-title elementor-size-default\">Fit und Flink - Rollerfahren<\/h2>\t\t\t\t<\/div>\n\t\t\t\t<\/div>\n\t\t\t\t\t<\/div>\n\t\t\t\t<\/div>\n\t\t<div class=\"elementor-element elementor-element-7959f26 e-flex e-con-boxed e-con e-parent\" data-id=\"7959f26\" data-element_type=\"container\" data-e-type=\"container\">\n\t\t\t\t\t<div class=\"e-con-inner\">\n\t\t\t\t<div class=\"elementor-element elementor-element-3f0ec4c elementor-widget elementor-widget-spacer\" data-id=\"3f0ec4c\" data-element_type=\"widget\" data-e-type=\"widget\" data-widget_type=\"spacer.default\">\n\t\t\t\t<div class=\"elementor-widget-container\">\n\t\t\t\t\t\t\t<div class=\"elementor-spacer\">\n\t\t\t<div class=\"elementor-spacer-inner\"><\/div>\n\t\t<\/div>\n\t\t\t\t\t\t<\/div>\n\t\t\t\t<\/div>\n\t\t\t\t\t<\/div>\n\t\t\t\t<\/div>\n\t\t<div class=\"elementor-element elementor-element-f1e2361 e-flex e-con-boxed e-con e-parent\" data-id=\"f1e2361\" data-element_type=\"container\" data-e-type=\"container\">\n\t\t\t\t\t<div class=\"e-con-inner\">\n\t\t\t\t<div class=\"elementor-element elementor-element-09093fc elementor-widget elementor-widget-image\" data-id=\"09093fc\" data-element_type=\"widget\" data-e-type=\"widget\" data-widget_type=\"image.default\">\n\t\t\t\t<div class=\"elementor-widget-container\">\n\t\t\t\t\t\t\t\t\t\t\t\t\t\t\t<img fetchpriority=\"high\" decoding=\"async\" width=\"800\" height=\"533\" src=\"https:\/\/kvw-barnim.de\/wp-content\/uploads\/2025\/06\/rollerprojekt.jpg\" class=\"attachment-large size-large wp-image-474\" alt=\"\" \/>\t\t\t\t\t\t\t\t\t\t\t\t\t\t\t<\/div>\n\t\t\t\t<\/div>\n\t\t\t\t\t<\/div>\n\t\t\t\t<\/div>\n\t\t<div class=\"elementor-element elementor-element-2b37c61 e-flex e-con-boxed e-con e-parent\" data-id=\"2b37c61\" data-element_type=\"container\" data-e-type=\"container\">\n\t\t\t\t\t<div class=\"e-con-inner\">\n\t\t\t\t<div class=\"elementor-element elementor-element-0a4e707 elementor-widget elementor-widget-spacer\" data-id=\"0a4e707\" data-element_type=\"widget\" data-e-type=\"widget\" data-widget_type=\"spacer.default\">\n\t\t\t\t<div class=\"elementor-widget-container\">\n\t\t\t\t\t\t\t<div class=\"elementor-spacer\">\n\t\t\t<div class=\"elementor-spacer-inner\"><\/div>\n\t\t<\/div>\n\t\t\t\t\t\t<\/div>\n\t\t\t\t<\/div>\n\t\t\t\t\t<\/div>\n\t\t\t\t<\/div>\n\t\t<div class=\"elementor-element elementor-element-7f924e4 e-flex e-con-boxed e-con e-parent\" data-id=\"7f924e4\" data-element_type=\"container\" data-e-type=\"container\">\n\t\t\t\t\t<div class=\"e-con-inner\">\n\t\t\t\t<div class=\"elementor-element elementor-element-5cff2b2 elementor-widget elementor-widget-text-editor\" data-id=\"5cff2b2\" data-element_type=\"widget\" data-e-type=\"widget\" data-widget_type=\"text-editor.default\">\n\t\t\t\t<div class=\"elementor-widget-container\">\n\t\t\t\t\t\t\t\t\t<p style=\"text-align: left;\"><br><\/p><p style=\"text-align: left;\">Bewegungserziehung ist auch Verkehrserziehung. Sie stellt ein gutes Mittel zur Unfallverh\u00fctung und Erh\u00f6hung der Verkehrsicherheit bei Kindern dar.&nbsp;<\/p><p style=\"text-align: left;\"><br><\/p><p style=\"text-align: left;\">In dem Projekt wird beschrieben, welche M\u00f6glichkeiten Rollerfahren f\u00fcr die Bewegungserziehung und die Unfallverh\u00fctung bietet und welche anderen Bewegungsfelder es er\u00f6ffnet.<\/p>\n<p style=\"text-align: left;\"><br><\/p><p style=\"text-align: left;\">Bewegungserziehung im Vorschul- und Grundschulalter leistet nach empirischen Untersuchungen einen hervorragenden Beitrag zur Verkehrssicherheitsarbeit.<\/p>\n<p style=\"text-align: left;\">Dieser besteht in:<\/p>\n<p style=\"text-align: left;\"><br><\/p>\n<ul style=\"text-align: left;\">\n<li>Positive Ver\u00e4nderung der Motorikleistung bei regelm\u00e4\u00dfiger Bewegungsf\u00f6rderung und gleichzeitiger Verringerung motorischer Defizite<\/li>\n<li>Langfristig geringere Unfallh\u00e4ufigkeit bei den Kindern<\/li>\n<li>Verbesserte Gefahreneinsch\u00e4tzung bei Kindern<\/li>\n<li>Ver\u00e4nderung in den Sozialkontakten und Abnahme aggressiver Verhaltensweisen&nbsp;<\/li>\n<\/ul>\n<p style=\"text-align: left;\"><br><\/p>\n<p style=\"text-align: left;\">Das hei\u00dft zusammengefasst: Bewegungssicherheit von Kindern beeinflusst deren Verkehrssicherheit. Bewegungserziehung ist eine Methode der Verkehrserziehung mit hohem Stellenwert.<\/p><p style=\"text-align: left;\"><br><\/p>\n<p style=\"text-align: left;\">Vorschul- und Grundschulkinder haben andere \u2013 n\u00e4mlich niedrigere \u2013 Kompetenzen als Erwachsene f\u00fcr ein verkehrssicheres Verhalten. Darauf m\u00fcssen sich andere Verkehrsteilnehmer, aber vor allem Eltern, Erzieherinnen sowie Erzieher und die Kinder selbst einstellen.<\/p><p style=\"text-align: left;\"><br><\/p>\n<p style=\"text-align: left;\">Das Projekt wird modular in bis zu 5 \u00dcbungseinheiten durchgef\u00fchrt. Es beinhaltet \u00dcbungen mit und ohne Roller.<\/p><p style=\"text-align: left;\"><br><\/p>\n<p style=\"text-align: left;\">Ziel ist, dass alle Kinder den Roller beherrschen, Ger\u00e4usche erkennen und orten k\u00f6nnen, verkehrstypische Zeichen und Farben kennen und die Stra\u00dfe richtig queren k\u00f6nnen. Empfohlen wird ein w\u00f6chentlicher Rhythmus im letzten Kindergartenjahr, bzw. im ersten Schuljahr.<\/p><p style=\"text-align: left;\"><br><\/p>\n<p style=\"text-align: left;\">Als H\u00f6hepunkt kann f\u00fcr die Kinder am letzten Tag ein spielerischer Test\/Vergleich durchgef\u00fchrt werden, jedoch unter der Beachtung, dass die Kinder nicht einer Konkurrenz untereinander oder einer Wettkampfsituation ausgesetzt sind.&nbsp;&nbsp;<\/p>\t\t\t\t\t\t\t\t<\/div>\n\t\t\t\t<\/div>\n\t\t\t\t\t<\/div>\n\t\t\t\t<\/div>\n\t\t\t\t<\/div>\n\t\t","protected":false},"excerpt":{"rendered":"<p>Fit und Flink &#8211; Rollerfahren Bewegungserziehung ist auch Verkehrserziehung. Sie stellt ein gutes Mittel zur Unfallverh\u00fctung und Erh\u00f6hung der Verkehrsicherheit bei Kindern dar.&nbsp; In dem Projekt wird beschrieben, welche M\u00f6glichkeiten Rollerfahren f\u00fcr die Bewegungserziehung und die Unfallverh\u00fctung bietet und welche anderen Bewegungsfelder es er\u00f6ffnet. Bewegungserziehung im Vorschul- und Grundschulalter leistet nach empirischen Untersuchungen einen hervorragenden [&hellip;]<\/p>\n","protected":false},"author":1,"featured_media":0,"parent":0,"menu_order":0,"comment_status":"closed","ping_status":"closed","template":"","meta":{"footnotes":""},"class_list":["post-267","page","type-page","status-publish","hentry"],"_links":{"self":[{"href":"https:\/\/kvw-barnim.de\/index.php\/wp-json\/wp\/v2\/pages\/267","targetHints":{"allow":["GET"]}}],"collection":[{"href":"https:\/\/kvw-barnim.de\/index.php\/wp-json\/wp\/v2\/pages"}],"about":[{"href":"https:\/\/kvw-barnim.de\/index.php\/wp-json\/wp\/v2\/types\/page"}],"author":[{"embeddable":true,"href":"https:\/\/kvw-barnim.de\/index.php\/wp-json\/wp\/v2\/users\/1"}],"replies":[{"embeddable":true,"href":"https:\/\/kvw-barnim.de\/index.php\/wp-json\/wp\/v2\/comments?post=267"}],"version-history":[{"count":10,"href":"https:\/\/kvw-barnim.de\/index.php\/wp-json\/wp\/v2\/pages\/267\/revisions"}],"predecessor-version":[{"id":512,"href":"https:\/\/kvw-barnim.de\/index.php\/wp-json\/wp\/v2\/pages\/267\/revisions\/512"}],"wp:attachment":[{"href":"https:\/\/kvw-barnim.de\/index.php\/wp-json\/wp\/v2\/media?parent=267"}],"curies":[{"name":"wp","href":"https:\/\/api.w.org\/{rel}","templated":true}]}}