{"id":269,"date":"2025-05-23T22:03:56","date_gmt":"2025-05-23T20:03:56","guid":{"rendered":"https:\/\/kreisverkehrswac-3ptxbths2x.live-website.com\/?page_id=269"},"modified":"2025-12-08T20:58:24","modified_gmt":"2025-12-08T19:58:24","slug":"fahrradausbildung","status":"publish","type":"page","link":"https:\/\/kvw-barnim.de\/index.php\/fahrradausbildung\/","title":{"rendered":"Fahrradausbildung"},"content":{"rendered":"\t\t<div data-elementor-type=\"wp-page\" data-elementor-id=\"269\" class=\"elementor elementor-269\">\n\t\t\t\t<div class=\"elementor-element elementor-element-e799111 e-flex e-con-boxed e-con e-parent\" data-id=\"e799111\" data-element_type=\"container\" data-e-type=\"container\">\n\t\t\t\t\t<div class=\"e-con-inner\">\n\t\t\t\t<div class=\"elementor-element elementor-element-5fc40db elementor-widget elementor-widget-heading\" data-id=\"5fc40db\" data-element_type=\"widget\" data-e-type=\"widget\" data-widget_type=\"heading.default\">\n\t\t\t\t<div class=\"elementor-widget-container\">\n\t\t\t\t\t<h2 class=\"elementor-heading-title elementor-size-default\">Radfahrausbildung 4.Klasse<\/h2>\t\t\t\t<\/div>\n\t\t\t\t<\/div>\n\t\t\t\t\t<\/div>\n\t\t\t\t<\/div>\n\t\t<div class=\"elementor-element elementor-element-61a9bf0 e-flex e-con-boxed e-con e-parent\" data-id=\"61a9bf0\" data-element_type=\"container\" data-e-type=\"container\">\n\t\t\t\t\t<div class=\"e-con-inner\">\n\t\t\t\t<div class=\"elementor-element elementor-element-2dee604 elementor-widget elementor-widget-spacer\" data-id=\"2dee604\" data-element_type=\"widget\" data-e-type=\"widget\" data-widget_type=\"spacer.default\">\n\t\t\t\t<div class=\"elementor-widget-container\">\n\t\t\t\t\t\t\t<div class=\"elementor-spacer\">\n\t\t\t<div class=\"elementor-spacer-inner\"><\/div>\n\t\t<\/div>\n\t\t\t\t\t\t<\/div>\n\t\t\t\t<\/div>\n\t\t\t\t\t<\/div>\n\t\t\t\t<\/div>\n\t\t<div class=\"elementor-element elementor-element-b82755b e-flex e-con-boxed e-con e-parent\" data-id=\"b82755b\" data-element_type=\"container\" data-e-type=\"container\">\n\t\t\t\t\t<div class=\"e-con-inner\">\n\t\t\t\t<div class=\"elementor-element elementor-element-55629b2 elementor-widget elementor-widget-image-gallery\" data-id=\"55629b2\" data-element_type=\"widget\" data-e-type=\"widget\" data-widget_type=\"image-gallery.default\">\n\t\t\t\t<div class=\"elementor-widget-container\">\n\t\t\t\t\t\t\t<div class=\"elementor-image-gallery\">\n\t\t\t<div id='gallery-1' class='gallery galleryid-269 gallery-columns-5 gallery-size-medium'><figure class='gallery-item'>\n\t\t\t<div class='gallery-icon landscape'>\n\t\t\t\t<a data-elementor-open-lightbox=\"yes\" data-elementor-lightbox-slideshow=\"55629b2\" data-elementor-lightbox-title=\"F1\" data-e-action-hash=\"#elementor-action%3Aaction%3Dlightbox%26settings%3DeyJpZCI6ODYzLCJ1cmwiOiJodHRwczpcL1wva3Z3LWJhcm5pbS5kZVwvd3AtY29udGVudFwvdXBsb2Fkc1wvMjAyNVwvMTFcL0YxLnBuZyIsInNsaWRlc2hvdyI6IjU1NjI5YjIifQ%3D%3D\" href='https:\/\/kvw-barnim.de\/wp-content\/uploads\/2025\/11\/F1.png'><img fetchpriority=\"high\" decoding=\"async\" width=\"300\" height=\"300\" src=\"https:\/\/kvw-barnim.de\/wp-content\/uploads\/2025\/11\/F1.png\" class=\"attachment-medium size-medium\" alt=\"\" srcset=\"https:\/\/kvw-barnim.de\/wp-content\/uploads\/2025\/11\/F1.png 300w, https:\/\/kvw-barnim.de\/wp-content\/uploads\/2025\/11\/F1-150x150.png 150w\" sizes=\"(max-width: 300px) 100vw, 300px\" \/><\/a>\n\t\t\t<\/div><\/figure><figure class='gallery-item'>\n\t\t\t<div class='gallery-icon landscape'>\n\t\t\t\t<a data-elementor-open-lightbox=\"yes\" data-elementor-lightbox-slideshow=\"55629b2\" data-elementor-lightbox-title=\"F2\" data-e-action-hash=\"#elementor-action%3Aaction%3Dlightbox%26settings%3DeyJpZCI6ODY0LCJ1cmwiOiJodHRwczpcL1wva3Z3LWJhcm5pbS5kZVwvd3AtY29udGVudFwvdXBsb2Fkc1wvMjAyNVwvMTFcL0YyLnBuZyIsInNsaWRlc2hvdyI6IjU1NjI5YjIifQ%3D%3D\" href='https:\/\/kvw-barnim.de\/wp-content\/uploads\/2025\/11\/F2.png'><img decoding=\"async\" width=\"300\" height=\"300\" src=\"https:\/\/kvw-barnim.de\/wp-content\/uploads\/2025\/11\/F2.png\" class=\"attachment-medium size-medium\" alt=\"\" srcset=\"https:\/\/kvw-barnim.de\/wp-content\/uploads\/2025\/11\/F2.png 300w, https:\/\/kvw-barnim.de\/wp-content\/uploads\/2025\/11\/F2-150x150.png 150w\" sizes=\"(max-width: 300px) 100vw, 300px\" \/><\/a>\n\t\t\t<\/div><\/figure><figure class='gallery-item'>\n\t\t\t<div class='gallery-icon landscape'>\n\t\t\t\t<a data-elementor-open-lightbox=\"yes\" data-elementor-lightbox-slideshow=\"55629b2\" data-elementor-lightbox-title=\"F3\" data-e-action-hash=\"#elementor-action%3Aaction%3Dlightbox%26settings%3DeyJpZCI6ODY1LCJ1cmwiOiJodHRwczpcL1wva3Z3LWJhcm5pbS5kZVwvd3AtY29udGVudFwvdXBsb2Fkc1wvMjAyNVwvMTFcL0YzLnBuZyIsInNsaWRlc2hvdyI6IjU1NjI5YjIifQ%3D%3D\" href='https:\/\/kvw-barnim.de\/wp-content\/uploads\/2025\/11\/F3.png'><img decoding=\"async\" width=\"300\" height=\"300\" src=\"https:\/\/kvw-barnim.de\/wp-content\/uploads\/2025\/11\/F3.png\" class=\"attachment-medium size-medium\" alt=\"\" srcset=\"https:\/\/kvw-barnim.de\/wp-content\/uploads\/2025\/11\/F3.png 300w, https:\/\/kvw-barnim.de\/wp-content\/uploads\/2025\/11\/F3-150x150.png 150w\" sizes=\"(max-width: 300px) 100vw, 300px\" \/><\/a>\n\t\t\t<\/div><\/figure><figure class='gallery-item'>\n\t\t\t<div class='gallery-icon landscape'>\n\t\t\t\t<a data-elementor-open-lightbox=\"yes\" data-elementor-lightbox-slideshow=\"55629b2\" data-elementor-lightbox-title=\"F4\" data-e-action-hash=\"#elementor-action%3Aaction%3Dlightbox%26settings%3DeyJpZCI6ODY2LCJ1cmwiOiJodHRwczpcL1wva3Z3LWJhcm5pbS5kZVwvd3AtY29udGVudFwvdXBsb2Fkc1wvMjAyNVwvMTFcL0Y0LnBuZyIsInNsaWRlc2hvdyI6IjU1NjI5YjIifQ%3D%3D\" href='https:\/\/kvw-barnim.de\/wp-content\/uploads\/2025\/11\/F4.png'><img loading=\"lazy\" decoding=\"async\" width=\"300\" height=\"300\" src=\"https:\/\/kvw-barnim.de\/wp-content\/uploads\/2025\/11\/F4.png\" class=\"attachment-medium size-medium\" alt=\"\" srcset=\"https:\/\/kvw-barnim.de\/wp-content\/uploads\/2025\/11\/F4.png 300w, https:\/\/kvw-barnim.de\/wp-content\/uploads\/2025\/11\/F4-150x150.png 150w\" sizes=\"(max-width: 300px) 100vw, 300px\" \/><\/a>\n\t\t\t<\/div><\/figure><figure class='gallery-item'>\n\t\t\t<div class='gallery-icon landscape'>\n\t\t\t\t<a data-elementor-open-lightbox=\"yes\" data-elementor-lightbox-slideshow=\"55629b2\" data-elementor-lightbox-title=\"F5\" data-e-action-hash=\"#elementor-action%3Aaction%3Dlightbox%26settings%3DeyJpZCI6ODY3LCJ1cmwiOiJodHRwczpcL1wva3Z3LWJhcm5pbS5kZVwvd3AtY29udGVudFwvdXBsb2Fkc1wvMjAyNVwvMTFcL0Y1LnBuZyIsInNsaWRlc2hvdyI6IjU1NjI5YjIifQ%3D%3D\" href='https:\/\/kvw-barnim.de\/wp-content\/uploads\/2025\/11\/F5.png'><img loading=\"lazy\" decoding=\"async\" width=\"300\" height=\"300\" src=\"https:\/\/kvw-barnim.de\/wp-content\/uploads\/2025\/11\/F5.png\" class=\"attachment-medium size-medium\" alt=\"\" srcset=\"https:\/\/kvw-barnim.de\/wp-content\/uploads\/2025\/11\/F5.png 300w, https:\/\/kvw-barnim.de\/wp-content\/uploads\/2025\/11\/F5-150x150.png 150w\" sizes=\"(max-width: 300px) 100vw, 300px\" \/><\/a>\n\t\t\t<\/div><\/figure>\n\t\t<\/div>\n\t\t<\/div>\n\t\t\t\t\t\t<\/div>\n\t\t\t\t<\/div>\n\t\t\t\t\t<\/div>\n\t\t\t\t<\/div>\n\t\t<div class=\"elementor-element elementor-element-43fe1c1 e-flex e-con-boxed e-con e-parent\" data-id=\"43fe1c1\" data-element_type=\"container\" data-e-type=\"container\">\n\t\t\t\t\t<div class=\"e-con-inner\">\n\t\t\t\t<div class=\"elementor-element elementor-element-99b81fa elementor-widget elementor-widget-spacer\" data-id=\"99b81fa\" data-element_type=\"widget\" data-e-type=\"widget\" data-widget_type=\"spacer.default\">\n\t\t\t\t<div class=\"elementor-widget-container\">\n\t\t\t\t\t\t\t<div class=\"elementor-spacer\">\n\t\t\t<div class=\"elementor-spacer-inner\"><\/div>\n\t\t<\/div>\n\t\t\t\t\t\t<\/div>\n\t\t\t\t<\/div>\n\t\t\t\t\t<\/div>\n\t\t\t\t<\/div>\n\t\t<div class=\"elementor-element elementor-element-76c321b e-flex e-con-boxed e-con e-parent\" data-id=\"76c321b\" data-element_type=\"container\" data-e-type=\"container\">\n\t\t\t\t\t<div class=\"e-con-inner\">\n\t\t\t\t<div class=\"elementor-element elementor-element-77781c9 elementor-widget elementor-widget-text-editor\" data-id=\"77781c9\" data-element_type=\"widget\" data-e-type=\"widget\" data-widget_type=\"text-editor.default\">\n\t\t\t\t<div class=\"elementor-widget-container\">\n\t\t\t\t\t\t\t\t\t<p style=\"text-align: center;\" data-start=\"503\" data-end=\"545\">\u00a0<\/p><p style=\"text-align: center;\" data-start=\"128\" data-end=\"208\"><strong data-start=\"128\" data-end=\"208\">Sicher auf zwei R\u00e4dern \u2013 die Radfahrausbildung der Kreisverkehrswacht Barnim<\/strong><\/p><p style=\"text-align: center;\">Wenn Kinder sicher mit dem Fahrrad unterwegs sind, gewinnen sie ein gro\u00dfes St\u00fcck Selbstst\u00e4ndigkeit. Deshalb bietet die Kreisverkehrswacht Barnim gemeinsam mit den Schulen im Landkreis eine praktische und spannende Radfahrausbildung f\u00fcr alle Sch\u00fclerinnen und Sch\u00fcler der 4. Klasse an.<\/p><p>\u00a0<\/p><p data-start=\"503\" data-end=\"545\">In Theorie und Praxis lernen die Kinder:<\/p><p data-start=\"503\" data-end=\"545\">\u00a0<\/p><ul data-start=\"546\" data-end=\"784\"><li data-start=\"546\" data-end=\"599\"><p data-start=\"548\" data-end=\"599\">wie sie sich richtig im Stra\u00dfenverkehr verhalten,<\/p><\/li><li data-start=\"600\" data-end=\"640\"><p data-start=\"602\" data-end=\"640\">welche Verkehrszeichen wichtig sind,<\/p><\/li><li data-start=\"641\" data-end=\"689\"><p data-start=\"643\" data-end=\"689\">wie man sicher abbiegt und Handzeichen gibt,<\/p><\/li><li data-start=\"690\" data-end=\"736\"><p data-start=\"692\" data-end=\"736\">wie ein verkehrssicheres Fahrrad aussieht,<\/p><\/li><li data-start=\"690\" data-end=\"736\">und wie man Gefahrensituationen fr\u00fch erkennt.<\/li><\/ul><div style=\"text-align: start;\"><p style=\"text-align: center;\"><span style=\"text-align: center;\"><br \/>Unsere geschulten Verkehrserzieher vermitteln das Wissen spielerisch, kindgerecht und mit ganz viel Praxis auf dem Trainingsplatz \u2013 damit der Weg zur Schule, zu Freunden oder zum Sport sicher gelingt. Abschlie\u00dfend absolvieren sie bei uns ihre Radfahrpr\u00fcfung!<\/span><\/p><p>\u00a0<\/p><\/div><p style=\"text-align: center;\" data-start=\"988\" data-end=\"1071\"><strong data-start=\"988\" data-end=\"1071\">Gemeinsam machen wir die jungen Radfahrer im Barnim fit f\u00fcr den Stra\u00dfenverkehr!<\/strong><\/p><p style=\"text-align: center;\" data-start=\"988\" data-end=\"1071\">\u00a0<\/p>\t\t\t\t\t\t\t\t<\/div>\n\t\t\t\t<\/div>\n\t\t\t\t<div class=\"elementor-element elementor-element-5975ca5 elementor-widget-divider--view-line elementor-widget elementor-widget-divider\" data-id=\"5975ca5\" data-element_type=\"widget\" data-e-type=\"widget\" data-widget_type=\"divider.default\">\n\t\t\t\t<div class=\"elementor-widget-container\">\n\t\t\t\t\t\t\t<div class=\"elementor-divider\">\n\t\t\t<span class=\"elementor-divider-separator\">\n\t\t\t\t\t\t<\/span>\n\t\t<\/div>\n\t\t\t\t\t\t<\/div>\n\t\t\t\t<\/div>\n\t\t\t\t\t<\/div>\n\t\t\t\t<\/div>\n\t\t<div class=\"elementor-element elementor-element-d1c9318 e-flex e-con-boxed e-con e-parent\" data-id=\"d1c9318\" data-element_type=\"container\" data-e-type=\"container\">\n\t\t\t\t\t<div class=\"e-con-inner\">\n\t\t\t\t<div class=\"elementor-element elementor-element-648e51a elementor-widget__width-initial elementor-widget elementor-widget-text-editor\" data-id=\"648e51a\" data-element_type=\"widget\" data-e-type=\"widget\" data-widget_type=\"text-editor.default\">\n\t\t\t\t<div class=\"elementor-widget-container\">\n\t\t\t\t\t\t\t\t\t<h3 style=\"text-align: center;\">Fahrradparcour<\/h3>\n<p style=\"text-align: center;\">Damit ihr Euch und eure Kinder optimal vorbereiten k\u00f6nnt, besteht hier die M\u00f6glichkeit euch den Parcour und den Bewertungsbogen zu downloaden.<\/p>\t\t\t\t\t\t\t\t<\/div>\n\t\t\t\t<\/div>\n\t\t\t\t\t<\/div>\n\t\t\t\t<\/div>\n\t\t<div class=\"elementor-element elementor-element-15b94ea e-flex e-con-boxed e-con e-parent\" data-id=\"15b94ea\" data-element_type=\"container\" data-e-type=\"container\">\n\t\t\t\t\t<div class=\"e-con-inner\">\n\t\t\t\t<div class=\"elementor-element elementor-element-a67ff15 elementor-widget elementor-widget-spacer\" data-id=\"a67ff15\" data-element_type=\"widget\" data-e-type=\"widget\" data-widget_type=\"spacer.default\">\n\t\t\t\t<div class=\"elementor-widget-container\">\n\t\t\t\t\t\t\t<div class=\"elementor-spacer\">\n\t\t\t<div class=\"elementor-spacer-inner\"><\/div>\n\t\t<\/div>\n\t\t\t\t\t\t<\/div>\n\t\t\t\t<\/div>\n\t\t\t\t\t<\/div>\n\t\t\t\t<\/div>\n\t\t<div class=\"elementor-element elementor-element-e73b099 e-grid e-con-boxed e-con e-parent\" data-id=\"e73b099\" data-element_type=\"container\" data-e-type=\"container\">\n\t\t\t\t\t<div class=\"e-con-inner\">\n\t\t\t\t<div class=\"elementor-element elementor-element-ad8e04f elementor-widget elementor-widget-image\" data-id=\"ad8e04f\" data-element_type=\"widget\" data-e-type=\"widget\" data-widget_type=\"image.default\">\n\t\t\t\t<div class=\"elementor-widget-container\">\n\t\t\t\t\t\t\t\t\t\t\t\t\t\t\t<img loading=\"lazy\" decoding=\"async\" width=\"724\" height=\"1024\" src=\"https:\/\/kvw-barnim.de\/wp-content\/uploads\/2025\/12\/Fahrradparcour-724x1024.jpg\" class=\"attachment-large size-large wp-image-938\" alt=\"\" srcset=\"https:\/\/kvw-barnim.de\/wp-content\/uploads\/2025\/12\/Fahrradparcour-724x1024.jpg 724w, https:\/\/kvw-barnim.de\/wp-content\/uploads\/2025\/12\/Fahrradparcour-212x300.jpg 212w, https:\/\/kvw-barnim.de\/wp-content\/uploads\/2025\/12\/Fahrradparcour-768x1086.jpg 768w, https:\/\/kvw-barnim.de\/wp-content\/uploads\/2025\/12\/Fahrradparcour-1086x1536.jpg 1086w, https:\/\/kvw-barnim.de\/wp-content\/uploads\/2025\/12\/Fahrradparcour-1448x2048.jpg 1448w, https:\/\/kvw-barnim.de\/wp-content\/uploads\/2025\/12\/Fahrradparcour-scaled.jpg 1810w\" sizes=\"(max-width: 724px) 100vw, 724px\" \/>\t\t\t\t\t\t\t\t\t\t\t\t\t\t\t<\/div>\n\t\t\t\t<\/div>\n\t\t\t\t\t<\/div>\n\t\t\t\t<\/div>\n\t\t<div class=\"elementor-element elementor-element-d447b68 e-grid e-con-boxed e-con e-parent\" data-id=\"d447b68\" data-element_type=\"container\" data-e-type=\"container\">\n\t\t\t\t\t<div class=\"e-con-inner\">\n\t\t\t\t<div class=\"elementor-element elementor-element-10e7e19 elementor-view-stacked elementor-shape-circle elementor-invisible elementor-widget elementor-widget-icon\" data-id=\"10e7e19\" data-element_type=\"widget\" data-e-type=\"widget\" data-settings=\"{&quot;_animation&quot;:&quot;fadeIn&quot;}\" data-widget_type=\"icon.default\">\n\t\t\t\t<div class=\"elementor-widget-container\">\n\t\t\t\t\t\t\t<div class=\"elementor-icon-wrapper\">\n\t\t\t<a class=\"elementor-icon\" href=\"https:\/\/kvw-barnim.de\/wp-content\/uploads\/2025\/12\/Fahrradparcour-scaled.jpg\" download=\"\">\n\t\t\t<svg aria-hidden=\"true\" class=\"e-font-icon-svg e-fas-download\" viewBox=\"0 0 512 512\" xmlns=\"http:\/\/www.w3.org\/2000\/svg\"><path d=\"M216 0h80c13.3 0 24 10.7 24 24v168h87.7c17.8 0 26.7 21.5 14.1 34.1L269.7 378.3c-7.5 7.5-19.8 7.5-27.3 0L90.1 226.1c-12.6-12.6-3.7-34.1 14.1-34.1H192V24c0-13.3 10.7-24 24-24zm296 376v112c0 13.3-10.7 24-24 24H24c-13.3 0-24-10.7-24-24V376c0-13.3 10.7-24 24-24h146.7l49 49c20.1 20.1 52.5 20.1 72.6 0l49-49H488c13.3 0 24 10.7 24 24zm-124 88c0-11-9-20-20-20s-20 9-20 20 9 20 20 20 20-9 20-20zm64 0c0-11-9-20-20-20s-20 9-20 20 9 20 20 20 20-9 20-20z\"><\/path><\/svg>\t\t\t<\/a>\n\t\t<\/div>\n\t\t\t\t\t\t<\/div>\n\t\t\t\t<\/div>\n\t\t\t\t<div class=\"elementor-element elementor-element-b6d6e96 elementor-widget elementor-widget-text-editor\" data-id=\"b6d6e96\" data-element_type=\"widget\" data-e-type=\"widget\" data-widget_type=\"text-editor.default\">\n\t\t\t\t<div class=\"elementor-widget-container\">\n\t\t\t\t\t\t\t\t\t<p style=\"text-align: center;\">Download Parcour<\/p>\t\t\t\t\t\t\t\t<\/div>\n\t\t\t\t<\/div>\n\t\t\t\t<div class=\"elementor-element elementor-element-a94b865 elementor-view-stacked elementor-shape-circle elementor-invisible elementor-widget elementor-widget-icon\" data-id=\"a94b865\" data-element_type=\"widget\" data-e-type=\"widget\" data-settings=\"{&quot;_animation&quot;:&quot;fadeIn&quot;}\" data-widget_type=\"icon.default\">\n\t\t\t\t<div class=\"elementor-widget-container\">\n\t\t\t\t\t\t\t<div class=\"elementor-icon-wrapper\">\n\t\t\t<a class=\"elementor-icon\" href=\"https:\/\/kvw-barnim.de\/wp-content\/uploads\/2025\/12\/bewertung_parcours.pdf\" download=\"\">\n\t\t\t<svg aria-hidden=\"true\" class=\"e-font-icon-svg e-fas-download\" viewBox=\"0 0 512 512\" xmlns=\"http:\/\/www.w3.org\/2000\/svg\"><path d=\"M216 0h80c13.3 0 24 10.7 24 24v168h87.7c17.8 0 26.7 21.5 14.1 34.1L269.7 378.3c-7.5 7.5-19.8 7.5-27.3 0L90.1 226.1c-12.6-12.6-3.7-34.1 14.1-34.1H192V24c0-13.3 10.7-24 24-24zm296 376v112c0 13.3-10.7 24-24 24H24c-13.3 0-24-10.7-24-24V376c0-13.3 10.7-24 24-24h146.7l49 49c20.1 20.1 52.5 20.1 72.6 0l49-49H488c13.3 0 24 10.7 24 24zm-124 88c0-11-9-20-20-20s-20 9-20 20 9 20 20 20 20-9 20-20zm64 0c0-11-9-20-20-20s-20 9-20 20 9 20 20 20 20-9 20-20z\"><\/path><\/svg>\t\t\t<\/a>\n\t\t<\/div>\n\t\t\t\t\t\t<\/div>\n\t\t\t\t<\/div>\n\t\t\t\t<div class=\"elementor-element elementor-element-76c4bbd elementor-widget elementor-widget-text-editor\" data-id=\"76c4bbd\" data-element_type=\"widget\" data-e-type=\"widget\" data-widget_type=\"text-editor.default\">\n\t\t\t\t<div class=\"elementor-widget-container\">\n\t\t\t\t\t\t\t\t\t<p style=\"text-align: center;\">Download Bewertungsbogen<\/p>\t\t\t\t\t\t\t\t<\/div>\n\t\t\t\t<\/div>\n\t\t\t\t\t<\/div>\n\t\t\t\t<\/div>\n\t\t\t\t<\/div>\n\t\t","protected":false},"excerpt":{"rendered":"<p>Radfahrausbildung 4.Klasse \u00a0 Sicher auf zwei R\u00e4dern \u2013 die Radfahrausbildung der Kreisverkehrswacht Barnim Wenn Kinder sicher mit dem Fahrrad unterwegs sind, gewinnen sie ein gro\u00dfes St\u00fcck Selbstst\u00e4ndigkeit. Deshalb bietet die Kreisverkehrswacht Barnim gemeinsam mit den Schulen im Landkreis eine praktische und spannende Radfahrausbildung f\u00fcr alle Sch\u00fclerinnen und Sch\u00fcler der 4. Klasse an. \u00a0 In Theorie [&hellip;]<\/p>\n","protected":false},"author":1,"featured_media":0,"parent":0,"menu_order":0,"comment_status":"closed","ping_status":"closed","template":"","meta":{"footnotes":""},"class_list":["post-269","page","type-page","status-publish","hentry"],"_links":{"self":[{"href":"https:\/\/kvw-barnim.de\/index.php\/wp-json\/wp\/v2\/pages\/269","targetHints":{"allow":["GET"]}}],"collection":[{"href":"https:\/\/kvw-barnim.de\/index.php\/wp-json\/wp\/v2\/pages"}],"about":[{"href":"https:\/\/kvw-barnim.de\/index.php\/wp-json\/wp\/v2\/types\/page"}],"author":[{"embeddable":true,"href":"https:\/\/kvw-barnim.de\/index.php\/wp-json\/wp\/v2\/users\/1"}],"replies":[{"embeddable":true,"href":"https:\/\/kvw-barnim.de\/index.php\/wp-json\/wp\/v2\/comments?post=269"}],"version-history":[{"count":46,"href":"https:\/\/kvw-barnim.de\/index.php\/wp-json\/wp\/v2\/pages\/269\/revisions"}],"predecessor-version":[{"id":971,"href":"https:\/\/kvw-barnim.de\/index.php\/wp-json\/wp\/v2\/pages\/269\/revisions\/971"}],"wp:attachment":[{"href":"https:\/\/kvw-barnim.de\/index.php\/wp-json\/wp\/v2\/media?parent=269"}],"curies":[{"name":"wp","href":"https:\/\/api.w.org\/{rel}","templated":true}]}}