{"id":295,"date":"2025-06-04T23:34:18","date_gmt":"2025-06-04T21:34:18","guid":{"rendered":"https:\/\/kreisverkehrswac-3ptxbths2x.live-website.com\/?page_id=295"},"modified":"2025-06-25T22:35:16","modified_gmt":"2025-06-25T20:35:16","slug":"moderatorenausbildung","status":"publish","type":"page","link":"https:\/\/kvw-barnim.de\/index.php\/moderatorenausbildung\/","title":{"rendered":"Moderatorenausbildung"},"content":{"rendered":"\t\t<div data-elementor-type=\"wp-page\" data-elementor-id=\"295\" class=\"elementor elementor-295\">\n\t\t\t\t<div class=\"elementor-element elementor-element-e97daca e-flex e-con-boxed e-con e-parent\" data-id=\"e97daca\" data-element_type=\"container\" data-e-type=\"container\">\n\t\t\t\t\t<div class=\"e-con-inner\">\n\t\t\t\t<div class=\"elementor-element elementor-element-4513c0f elementor-widget elementor-widget-heading\" data-id=\"4513c0f\" data-element_type=\"widget\" data-e-type=\"widget\" data-settings=\"{&quot;_animation&quot;:&quot;none&quot;}\" data-widget_type=\"heading.default\">\n\t\t\t\t<div class=\"elementor-widget-container\">\n\t\t\t\t\t<h2 class=\"elementor-heading-title elementor-size-default\">Moderatorenausbildung<\/h2>\t\t\t\t<\/div>\n\t\t\t\t<\/div>\n\t\t\t\t\t<\/div>\n\t\t\t\t<\/div>\n\t\t<div class=\"elementor-element elementor-element-7d1fbda e-flex e-con-boxed e-con e-parent\" data-id=\"7d1fbda\" data-element_type=\"container\" data-e-type=\"container\">\n\t\t\t\t\t<div class=\"e-con-inner\">\n\t\t\t\t<div class=\"elementor-element elementor-element-41e7660 elementor-widget elementor-widget-spacer\" data-id=\"41e7660\" data-element_type=\"widget\" data-e-type=\"widget\" data-widget_type=\"spacer.default\">\n\t\t\t\t<div class=\"elementor-widget-container\">\n\t\t\t\t\t\t\t<div class=\"elementor-spacer\">\n\t\t\t<div class=\"elementor-spacer-inner\"><\/div>\n\t\t<\/div>\n\t\t\t\t\t\t<\/div>\n\t\t\t\t<\/div>\n\t\t\t\t\t<\/div>\n\t\t\t\t<\/div>\n\t\t<div class=\"elementor-element elementor-element-4a36d1a e-flex e-con-boxed e-con e-parent\" data-id=\"4a36d1a\" data-element_type=\"container\" data-e-type=\"container\">\n\t\t\t\t\t<div class=\"e-con-inner\">\n\t\t\t\t<div class=\"elementor-element elementor-element-1871fa2 elementor-widget elementor-widget-text-editor\" data-id=\"1871fa2\" data-element_type=\"widget\" data-e-type=\"widget\" data-widget_type=\"text-editor.default\">\n\t\t\t\t<div class=\"elementor-widget-container\">\n\t\t\t\t\t\t\t\t\t<p>M\u00f6chten Sie Ihr Wissen teilen und anderen helfen, im Stra\u00dfenverkehr sicherer zu werden?&nbsp;<\/p><p>Dann werden Sie bei der Kreisverkehrswacht Barnim aktiv!<\/p>\n<p>Werden Sie Mitglied in der Kreisverkehrswacht Barnim und lassen Sie sich zur Moderatorin oder zum Moderator ausbilden. Je nach Ihren Interessen und Vorkenntnissen k\u00f6nnen Sie sich f\u00fcr die Verkehrssicherheitsarbeit mit Vorschulkindern, Rad- und Pedelecfahrenden oder Seniorinnen und Senioren qualifizieren. Die Aus- und Fortbildungen sind f\u00fcr Sie kostenlos. F\u00fcr Ihr Engagement erhalten Sie eine Aufwandsentsch\u00e4digung.<\/p>\t\t\t\t\t\t\t\t<\/div>\n\t\t\t\t<\/div>\n\t\t\t\t\t<\/div>\n\t\t\t\t<\/div>\n\t\t\t\t<\/div>\n\t\t","protected":false},"excerpt":{"rendered":"<p>Moderatorenausbildung M\u00f6chten Sie Ihr Wissen teilen und anderen helfen, im Stra\u00dfenverkehr sicherer zu werden?&nbsp; Dann werden Sie bei der Kreisverkehrswacht Barnim aktiv! Werden Sie Mitglied in der Kreisverkehrswacht Barnim und lassen Sie sich zur Moderatorin oder zum Moderator ausbilden. Je nach Ihren Interessen und Vorkenntnissen k\u00f6nnen Sie sich f\u00fcr die Verkehrssicherheitsarbeit mit Vorschulkindern, Rad- und [&hellip;]<\/p>\n","protected":false},"author":1,"featured_media":0,"parent":0,"menu_order":0,"comment_status":"closed","ping_status":"closed","template":"","meta":{"footnotes":""},"class_list":["post-295","page","type-page","status-publish","hentry"],"_links":{"self":[{"href":"https:\/\/kvw-barnim.de\/index.php\/wp-json\/wp\/v2\/pages\/295","targetHints":{"allow":["GET"]}}],"collection":[{"href":"https:\/\/kvw-barnim.de\/index.php\/wp-json\/wp\/v2\/pages"}],"about":[{"href":"https:\/\/kvw-barnim.de\/index.php\/wp-json\/wp\/v2\/types\/page"}],"author":[{"embeddable":true,"href":"https:\/\/kvw-barnim.de\/index.php\/wp-json\/wp\/v2\/users\/1"}],"replies":[{"embeddable":true,"href":"https:\/\/kvw-barnim.de\/index.php\/wp-json\/wp\/v2\/comments?post=295"}],"version-history":[{"count":19,"href":"https:\/\/kvw-barnim.de\/index.php\/wp-json\/wp\/v2\/pages\/295\/revisions"}],"predecessor-version":[{"id":542,"href":"https:\/\/kvw-barnim.de\/index.php\/wp-json\/wp\/v2\/pages\/295\/revisions\/542"}],"wp:attachment":[{"href":"https:\/\/kvw-barnim.de\/index.php\/wp-json\/wp\/v2\/media?parent=295"}],"curies":[{"name":"wp","href":"https:\/\/api.w.org\/{rel}","templated":true}]}}