{"id":602,"date":"2025-06-26T21:38:04","date_gmt":"2025-06-26T19:38:04","guid":{"rendered":"https:\/\/kreisverkehrswac-3ptxbths2x.live-website.com\/?page_id=602"},"modified":"2025-12-08T21:40:32","modified_gmt":"2025-12-08T20:40:32","slug":"fit-im-auto","status":"publish","type":"page","link":"https:\/\/kvw-barnim.de\/index.php\/fit-im-auto\/","title":{"rendered":"Fit im Auto"},"content":{"rendered":"\t\t<div data-elementor-type=\"wp-page\" data-elementor-id=\"602\" class=\"elementor elementor-602\">\n\t\t\t\t<div class=\"elementor-element elementor-element-1112446 e-flex e-con-boxed e-con e-parent\" data-id=\"1112446\" data-element_type=\"container\" data-e-type=\"container\" data-settings=\"{&quot;background_background&quot;:&quot;classic&quot;}\">\n\t\t\t\t\t<div class=\"e-con-inner\">\n\t\t\t\t<div class=\"elementor-element elementor-element-b85b122 elementor-widget__width-initial elementor-widget elementor-widget-heading\" data-id=\"b85b122\" data-element_type=\"widget\" data-e-type=\"widget\" data-widget_type=\"heading.default\">\n\t\t\t\t<div class=\"elementor-widget-container\">\n\t\t\t\t\t<h2 class=\"elementor-heading-title elementor-size-default\">Fit im Auto<\/h2>\t\t\t\t<\/div>\n\t\t\t\t<\/div>\n\t\t\t\t\t<\/div>\n\t\t\t\t<\/div>\n\t\t<div class=\"elementor-element elementor-element-a82249e e-flex e-con-boxed e-con e-parent\" data-id=\"a82249e\" data-element_type=\"container\" data-e-type=\"container\">\n\t\t\t\t\t<div class=\"e-con-inner\">\n\t\t\t\t<div class=\"elementor-element elementor-element-b58d9df elementor-widget elementor-widget-spacer\" data-id=\"b58d9df\" data-element_type=\"widget\" data-e-type=\"widget\" data-widget_type=\"spacer.default\">\n\t\t\t\t<div class=\"elementor-widget-container\">\n\t\t\t\t\t\t\t<div class=\"elementor-spacer\">\n\t\t\t<div class=\"elementor-spacer-inner\"><\/div>\n\t\t<\/div>\n\t\t\t\t\t\t<\/div>\n\t\t\t\t<\/div>\n\t\t\t\t\t<\/div>\n\t\t\t\t<\/div>\n\t\t<div class=\"elementor-element elementor-element-5b8d1b0 e-flex e-con-boxed e-con e-parent\" data-id=\"5b8d1b0\" data-element_type=\"container\" data-e-type=\"container\">\n\t\t\t\t\t<div class=\"e-con-inner\">\n\t\t\t\t<div class=\"elementor-element elementor-element-c192c3e elementor-widget elementor-widget-text-editor\" data-id=\"c192c3e\" data-element_type=\"widget\" data-e-type=\"widget\" data-widget_type=\"text-editor.default\">\n\t\t\t\t<div class=\"elementor-widget-container\">\n\t\t\t\t\t\t\t\t\t<h3 style=\"text-align: center;\"><span style=\"color: #008000;\">&#8222;Fit im Auto&#8220; &#8211; das richtige Training f\u00fcr sicheres Autofahren f\u00fcr Seniorinnen und Senioren<\/span><\/h3>\n<div><span style=\"color: #008000;\">&nbsp;<\/span><\/div>\n<p>\u201eFit im Auto\u201c bietet Seniorinnen und Senioren in 4,5 Stunden die M\u00f6glichkeit, eigene F\u00e4higkeiten hinter dem Steuer praktisch zu testen und gemeinsam mit Expertinnen und Experten zu besprechen.<\/p>\n<p><\/p>\n<p>Wie fahre ich bei ung\u00fcnstigen Sicht- und Wetterbedingungen sicher Auto? Wie kann ich mir bei stetig wachsendem Verkehrsaufkommen meine Automobilit\u00e4t erhalten? Welche neuen \/ver\u00e4nderten Regeln und Vorschriften muss ich beachten?<\/p>\n<p><\/p>\n<p>\u201eFit im Auto\u201c Veranstaltungen werden im Land Brandenburg von den Verkehrswachten im Bausteinprinzip angeboten.<\/p>\n<p><\/p>\n<p>Diese sind: Einf\u00fchrung mit Neuigkeiten aus Technik und StVO; Fahrtraining auf dem \u00dcbungsplatz, Fahrt im Realverkehr mit Fahrlehrerin\/Fahrlehrer; Erfahrungsaustausch<\/p>\n<p><\/p>\n<p>Mit praxisnahmen \u00dcbungen und erlebnisorientiertem Lernen betrachten die Teilnehmerinnen und Teilnehmer ihr eigenes Fahrverm\u00f6gen und arbeiten gemeinsam an L\u00f6sungen in Theorie und Praxis.<\/p>\n<p><\/p>\n<p>Im Einf\u00fchrungsgespr\u00e4ch wird Wissenswertes zu technischen Neuerungen, zu \u00c4nderungen in der Stra\u00dfenverkehrsordnung vermittelt, genauso wie Hilfestellungen zur Meisterung von schwierigen Verkehrssituationen, die ebenfalls in diesem Baustein enthalten sind.<\/p>\n<p><\/p>\n<p>Beim Fahrtraining auf einem \u00dcbungsplatz werden die Teilnehmerinnen und Teilnehmer im eigenen PKW richtiges Bremsen, Einparken, Wenden, Rangieren trainieren und individuelle Einstellungen am Fahrzeug vornehmen, wie beispielsweise korrekte Sitz-, Gurt- und Spiegeleinstellungen.<\/p>\n<p><\/p>\n<p>Gemeinsam mit der Fahrlehrerin\/dem Fahrlehrer werden im Realverkehr Fahraufgaben trainiert, die \u00e4lteren Fahrerinnen und Fahrern zuweilen Schwierigkeiten machen k\u00f6nnen (Linksabbiegen im Gegenverkehr, Spurwechsel, Navigieren im Kreuzungsbereich mit viel Verkehr, Gef\u00e4lle- und Bergfahrten).<\/p>\n<p><\/p>\n<h3 style=\"text-align: center;\" data-start=\"1227\" data-end=\"1247\"><span style=\"color: #008000;\"><strong data-start=\"1231\" data-end=\"1247\">Wann und wo?<\/strong><\/span><\/h3>\n<p style=\"text-align: center;\">Donnerstag, 12.03. 2026 09:00 &#8211; 13:30Uhr<\/p>\n<p style=\"text-align: center;\">Donnerstag, 16.04. 2026 09:00 &#8211; 13:30Uhr<\/p>\n<p style=\"text-align: center;\">Donnerstag, 18.06. 2026 09:00 &#8211; 13:30Uhr<\/p><p style=\"text-align: center;\">Donnerstag, 17.09. 2026 09:00 &#8211; 13:30Uhr<\/p><p style=\"text-align: center;\">Donnerstag, 15.10. 2026 09:00 &#8211; 13:30Uhr<\/p><p style=\"text-align: center;\">Donnerstag, 19.11. 2026 09:00 &#8211; 13:30Uhr<\/p><p style=\"text-align: center;\"><br><\/p>\n<p><\/p>\n<p style=\"text-align: center;\" data-start=\"1248\" data-end=\"1410\">Fit im Auto findet regelm\u00e4\u00dfig auf unserem Gel\u00e4nde der Kreisverkehrswacht Barnim statt.&nbsp;<\/p><p style=\"text-align: center;\" data-start=\"1248\" data-end=\"1410\">Unkosten: 40,- Euro pro Person<\/p><p style=\"text-align: center;\" data-start=\"1248\" data-end=\"1410\">Vorkasse:<\/p><p style=\"text-align: center;\" data-start=\"1248\" data-end=\"1410\">Kreisverkehrswacht Barnim<br>IBAN: DE58 1705 2000 3409 5464 12<\/p><p style=\"text-align: center;\" data-start=\"1248\" data-end=\"1410\">Verwendungszweck: Name &#8211; Fit im Auto am XX.XX.2026<\/p>\n<h3 style=\"text-align: center;\" data-start=\"1412\" data-end=\"1473\"><span style=\"color: #008000;\"><strong data-start=\"1416\" data-end=\"1473\">Jetzt anmelden \u2013 f\u00fcr mehr Sicherheit auf jeder Fahrt!<\/strong><\/span><\/h3>\n<p style=\"text-align: center;\" data-start=\"1475\" data-end=\"1563\"><strong data-start=\"1475\" data-end=\"1510\">Kreisverkehrswacht Barnim e. V.<\/strong><br data-start=\"1510\" data-end=\"1513\">Gemeinsam f\u00fcr mehr Sicherheit auf unseren Stra\u00dfen.<\/p>\t\t\t\t\t\t\t\t<\/div>\n\t\t\t\t<\/div>\n\t\t\t\t\t<\/div>\n\t\t\t\t<\/div>\n\t\t\t\t<\/div>\n\t\t","protected":false},"excerpt":{"rendered":"<p>Fit im Auto &#8222;Fit im Auto&#8220; &#8211; das richtige Training f\u00fcr sicheres Autofahren f\u00fcr Seniorinnen und Senioren &nbsp; \u201eFit im Auto\u201c bietet Seniorinnen und Senioren in 4,5 Stunden die M\u00f6glichkeit, eigene F\u00e4higkeiten hinter dem Steuer praktisch zu testen und gemeinsam mit Expertinnen und Experten zu besprechen. Wie fahre ich bei ung\u00fcnstigen Sicht- und Wetterbedingungen sicher [&hellip;]<\/p>\n","protected":false},"author":1,"featured_media":0,"parent":0,"menu_order":0,"comment_status":"closed","ping_status":"closed","template":"","meta":{"footnotes":""},"class_list":["post-602","page","type-page","status-publish","hentry"],"_links":{"self":[{"href":"https:\/\/kvw-barnim.de\/index.php\/wp-json\/wp\/v2\/pages\/602","targetHints":{"allow":["GET"]}}],"collection":[{"href":"https:\/\/kvw-barnim.de\/index.php\/wp-json\/wp\/v2\/pages"}],"about":[{"href":"https:\/\/kvw-barnim.de\/index.php\/wp-json\/wp\/v2\/types\/page"}],"author":[{"embeddable":true,"href":"https:\/\/kvw-barnim.de\/index.php\/wp-json\/wp\/v2\/users\/1"}],"replies":[{"embeddable":true,"href":"https:\/\/kvw-barnim.de\/index.php\/wp-json\/wp\/v2\/comments?post=602"}],"version-history":[{"count":16,"href":"https:\/\/kvw-barnim.de\/index.php\/wp-json\/wp\/v2\/pages\/602\/revisions"}],"predecessor-version":[{"id":986,"href":"https:\/\/kvw-barnim.de\/index.php\/wp-json\/wp\/v2\/pages\/602\/revisions\/986"}],"wp:attachment":[{"href":"https:\/\/kvw-barnim.de\/index.php\/wp-json\/wp\/v2\/media?parent=602"}],"curies":[{"name":"wp","href":"https:\/\/api.w.org\/{rel}","templated":true}]}}