{"id":644,"date":"2025-06-27T22:10:13","date_gmt":"2025-06-27T20:10:13","guid":{"rendered":"https:\/\/kreisverkehrswac-3ptxbths2x.live-website.com\/?page_id=644"},"modified":"2025-12-11T21:38:43","modified_gmt":"2025-12-11T20:38:43","slug":"foerderung-durch-bg","status":"publish","type":"page","link":"https:\/\/kvw-barnim.de\/index.php\/foerderung-durch-bg\/","title":{"rendered":"F\u00f6rderung durch BG"},"content":{"rendered":"\t\t<div data-elementor-type=\"wp-page\" data-elementor-id=\"644\" class=\"elementor elementor-644\">\n\t\t\t\t<div class=\"elementor-element elementor-element-1276cb7 e-flex e-con-boxed e-con e-parent\" data-id=\"1276cb7\" data-element_type=\"container\" data-e-type=\"container\" data-settings=\"{&quot;background_background&quot;:&quot;classic&quot;}\">\n\t\t\t\t\t<div class=\"e-con-inner\">\n\t\t\t\t<div class=\"elementor-element elementor-element-1854a2c elementor-widget elementor-widget-heading\" data-id=\"1854a2c\" data-element_type=\"widget\" data-e-type=\"widget\" data-widget_type=\"heading.default\">\n\t\t\t\t<div class=\"elementor-widget-container\">\n\t\t\t\t\t<h2 class=\"elementor-heading-title elementor-size-default\">F\u00f6rderung durch die Berufsgenossenschaft<\/h2>\t\t\t\t<\/div>\n\t\t\t\t<\/div>\n\t\t\t\t\t<\/div>\n\t\t\t\t<\/div>\n\t\t<div class=\"elementor-element elementor-element-dd8ba5e e-flex e-con-boxed e-con e-parent\" data-id=\"dd8ba5e\" data-element_type=\"container\" data-e-type=\"container\">\n\t\t\t\t\t<div class=\"e-con-inner\">\n\t\t\t\t<div class=\"elementor-element elementor-element-ed2abe4 elementor-widget elementor-widget-spacer\" data-id=\"ed2abe4\" data-element_type=\"widget\" data-e-type=\"widget\" data-widget_type=\"spacer.default\">\n\t\t\t\t<div class=\"elementor-widget-container\">\n\t\t\t\t\t\t\t<div class=\"elementor-spacer\">\n\t\t\t<div class=\"elementor-spacer-inner\"><\/div>\n\t\t<\/div>\n\t\t\t\t\t\t<\/div>\n\t\t\t\t<\/div>\n\t\t\t\t\t<\/div>\n\t\t\t\t<\/div>\n\t\t<div class=\"elementor-element elementor-element-c510afd e-flex e-con-boxed e-con e-parent\" data-id=\"c510afd\" data-element_type=\"container\" data-e-type=\"container\">\n\t\t\t\t\t<div class=\"e-con-inner\">\n\t\t\t\t<div class=\"elementor-element elementor-element-399c2a7 elementor-widget elementor-widget-text-editor\" data-id=\"399c2a7\" data-element_type=\"widget\" data-e-type=\"widget\" data-widget_type=\"text-editor.default\">\n\t\t\t\t<div class=\"elementor-widget-container\">\n\t\t\t\t\t\t\t\t\t<p style=\"text-align: center;\">Alle unsere Fahricherheitstraining unterliegen den Richtlinien des DVR und k\u00f6nnen somit durch Ihre Berufsgenossenschaft gef\u00f6rdert werden. Informieren Sie sich einfach bei Ihrer zust\u00e4ndigen BG.<\/p><p style=\"text-align: center;\">Trotz regelm\u00e4\u00dfigen Updates k\u00f6nnen wir keine Garantie auf die unten angegebenen F\u00f6rderungssummen geben. Sie dienen daher mur zur Orientierung.<\/p>\t\t\t\t\t\t\t\t<\/div>\n\t\t\t\t<\/div>\n\t\t\t\t\t<\/div>\n\t\t\t\t<\/div>\n\t\t<div class=\"elementor-element elementor-element-7a68539 e-flex e-con-boxed e-con e-parent\" data-id=\"7a68539\" data-element_type=\"container\" data-e-type=\"container\">\n\t\t\t\t\t<div class=\"e-con-inner\">\n\t\t\t\t<div class=\"elementor-element elementor-element-71bd1a5 elementor-widget elementor-widget-spacer\" data-id=\"71bd1a5\" data-element_type=\"widget\" data-e-type=\"widget\" data-widget_type=\"spacer.default\">\n\t\t\t\t<div class=\"elementor-widget-container\">\n\t\t\t\t\t\t\t<div class=\"elementor-spacer\">\n\t\t\t<div class=\"elementor-spacer-inner\"><\/div>\n\t\t<\/div>\n\t\t\t\t\t\t<\/div>\n\t\t\t\t<\/div>\n\t\t\t\t\t<\/div>\n\t\t\t\t<\/div>\n\t\t<div class=\"elementor-element elementor-element-4ddc22a e-flex e-con-boxed e-con e-parent\" data-id=\"4ddc22a\" data-element_type=\"container\" data-e-type=\"container\">\n\t\t\t\t\t<div class=\"e-con-inner\">\n\t\t\t\t<div class=\"elementor-element elementor-element-ef63234 elementor-widget elementor-widget-text-editor\" data-id=\"ef63234\" data-element_type=\"widget\" data-e-type=\"widget\" data-widget_type=\"text-editor.default\">\n\t\t\t\t<div class=\"elementor-widget-container\">\n\t\t\t\t\t\t\t\t\t<table class=\"table table-hover\"><tbody><tr><td><strong>Berufsgenossenschaft<\/strong><\/td><td><strong>Pkw<\/strong><\/td><td><strong>Motorrad<\/strong><\/td><td><strong>Transporter\/Kleinbus<\/strong><\/td><td><strong>Nutzfahrzeug<\/strong><\/td><\/tr><tr><td rowspan=\"2\"><strong>BG Bau<\/strong><br \/>(Berufsgenossenschaft<br \/>der Bauwirtschaft)<br \/><a title=\"Berufsgenossenschaft der Bauwirtschaft, BG Bau\" href=\"https:\/\/bit.ly\/BG_Bau\" target=\"_blank\" rel=\"noopener\">www.bgbau.de<\/a><\/td><td>75,00 EUR<\/td><td>60,00 EUR<\/td><td>85,00 EUR<\/td><td>100,00 EUR (nur Lkw)<\/td><\/tr><tr><td colspan=\"4\" align=\"center\">Mitgliedsunternehmen rechnet mit der BG ab.<\/td><\/tr><tr><td rowspan=\"2\"><strong>UVB<\/strong><br \/>(Unfallversicherung<br \/>Bund und Bahn)<br \/><a title=\"Unfallversicherung Bund und Bahn, UVB\" href=\"https:\/\/bit.ly\/F%C3%B6rderung_UVB\" target=\"_blank\" rel=\"noopener\">www.uv-bund-bahn.de<\/a><\/td><td>80,00 EUR<\/td><td>80,00 EUR<\/td><td>80,00 EUR<\/td><td>80,00 EUR<\/td><\/tr><tr><td colspan=\"4\" align=\"center\">Mitgliedsunternehmen, der Teilnehmende oder der Umsetzer rechnet mit der BG ab.<\/td><\/tr><tr><td><strong>BGHW<\/strong><br \/>(Berufsgenossenschaft<br \/>Handel und Warenlogistik)<br \/><a title=\"Berufsgenossenschaft Handel und Warenlogistik, BGHW\" href=\"https:\/\/bit.ly\/F%C3%B6rderung-BGHW\" target=\"_blank\" rel=\"noopener\">www.bghw.de<\/a><\/td><td>120,00 EUR<\/td><td>120,00 EUR<\/td><td>120,00 EUR<\/td><td>120,00 EUR (nur Lkw)<\/td><\/tr><tr><td rowspan=\"2\"><strong>BG Verkehr<\/strong><br \/>(Berufsgenossenschaft<br \/>Verkehrswirtschaft<br \/>Post-Logistik<br \/>Telekommunikation)<br \/><a title=\"Berufsgenossenschaft Verkehrswirtschaft Post-Logistik Telekommunikation, BG Verkehr\" href=\"https:\/\/bit.ly\/F%C3%B6rderung_BG-Verkehr\" target=\"_blank\" rel=\"noopener\">www.bg-verkehr.de<\/a><\/td><td>80,00 EUR<\/td><td>50,00 EUR<\/td><td>80,00 EUR<\/td><td>80,00 EUR<\/td><\/tr><tr><td colspan=\"4\" align=\"center\">Mitgliedsunternehmen rechnet selbst mit der BG ab.<\/td><\/tr><tr><td><strong>BGN<\/strong><br \/>(Berufsgenossenschaft<br \/>Nahrungsmittel und<br \/>Gastgewerbe)<br \/><a title=\"Berufsgenossenschaft Nahrungsmittel und Gastgewerbe, BGN\" href=\"https:\/\/bit.ly\/F%C3%B6rderung_BGN\" target=\"_blank\" rel=\"noopener\">www.bgn.de<\/a><\/td><td>75,00 EUR<\/td><td>75,00 EUR<\/td><td>75,00 EUR<\/td><td>75,00 EUR<\/td><\/tr><tr><td><strong>BGW<\/strong><br \/>(Berufsgenossenschaft<br \/>f\u00fcr Gesundheitsdienst<br \/>und Wohlfahrtspflege)<br \/><a title=\"Berufsgenossenschaft f\u00fcr Gesundheitsdienst und Wohlfahrtspflege, BGW\" href=\"https:\/\/bit.ly\/F%C3%B6rderung_BGW\" target=\"_blank\" rel=\"noopener\">www.bgw-online.de<\/a><\/td><td>75,00 EUR<\/td><td>75,00 EUR<\/td><td>75,00 EUR<\/td><td>75,00 EUR<\/td><\/tr><tr><td rowspan=\"2\"><strong>SVLFG<\/strong><br \/>(Sozialversicherung f\u00fcr<br \/>Landwirtschaft, Forsten<br \/>und Gartenbau)<br \/><a title=\"Sozialversicherung f\u00fcr Landwirtschaft, Forsten und Gartenbau, SVLFG\" href=\"https:\/\/bit.ly\/F%C3%B6rderung_SVLFG\" target=\"_blank\" rel=\"noopener\">www.svlfg.de<\/a><\/td><td>50,00 EUR<\/td><td>50,00 EUR<\/td><td>100,00 EUR<\/td><td>150,00 EUR*<\/td><\/tr><tr><td colspan=\"4\" align=\"center\">*Auch f\u00fcr Schlepper und Erdmaschinen Mitgliedsunternehmen rechnet selbst mit der BG ab.<\/td><\/tr><tr><td rowspan=\"2\"><strong>BGHM<\/strong><br \/>(Berufsgenossenschaft<br \/>Holz und Metall)<br \/><a title=\"Berufsgenossenschaft Holz und Metall, BGHM\" href=\"https:\/\/bit.ly\/BG-Holz-und_Metall\" target=\"_blank\" rel=\"noopener\">www.bghm.de<\/a><\/td><td>Pkw BGHM-Kurs<\/td><td>Motorrad BGHM-Kurs<\/td><td>Kleintransporter BGHM-Kurs<\/td><td>Lkw BGHM-Kurs<\/td><\/tr><tr><td colspan=\"4\" align=\"center\">BGHM-Fahrsicherheitstrainings werden zu 100% gef\u00f6rdert &#8211; Bitte beachten Sie die Hinweise zur Kosten\u00fcbernahme-Erkl\u00e4rung am Seitenende.<\/td><\/tr><tr><td><strong>BG RCI<\/strong><br \/>(Berufsgenossenschaft<br \/>Rohstoffe und<br \/>chemische Industrie)<br \/><a title=\"Berufsgenossenschaft Rohstoffe und chemische Industrie, BG RCI\" href=\"https:\/\/bit.ly\/F%C3%B6rderung_BG-RCI\" target=\"_blank\" rel=\"noopener\">www.bgrci.de<\/a><\/td><td>75,00 EUR<\/td><td>75,00 EUR<\/td><td>75,00 EUR<\/td><td>75,00 EUR<\/td><\/tr><tr><td><strong>UK NRW<\/strong><br \/>(Unfallkasse<br \/>Nordrhein-Westfalen)<br \/><a title=\"Unfallkasse NRW, UK NRW\" href=\"https:\/\/bit.ly\/F%C3%B6rderung_UK-NRW\" target=\"_blank\" rel=\"noopener\">www.unfallkasse-nrw.de<\/a><\/td><td>60,00 EUR<\/td><td>&#8212;<\/td><td>75,00 EUR (nur KT)<\/td><td>75,00 EUR<\/td><\/tr><tr><td><strong>VBG<\/strong><br \/>(Verwaltungs-<br \/>Berufsgenossenschaft)<br \/><a title=\"Verwaltungs-Berufsgenossenschaft, VBG\" href=\"https:\/\/bit.ly\/F%C3%B6rderung_VBG\" target=\"_blank\" rel=\"noopener\">www.vbg.de<\/a><\/td><td>75,00 EUR<\/td><td>75,00 EUR<\/td><td>75,00 EUR<\/td><td>100,00 EUR (nur Bus)<\/td><\/tr><\/tbody><\/table>\t\t\t\t\t\t\t\t<\/div>\n\t\t\t\t<\/div>\n\t\t\t\t\t<\/div>\n\t\t\t\t<\/div>\n\t\t<div class=\"elementor-element elementor-element-a7fae2e e-flex e-con-boxed e-con e-parent\" data-id=\"a7fae2e\" data-element_type=\"container\" data-e-type=\"container\">\n\t\t\t\t\t<div class=\"e-con-inner\">\n\t\t\t\t<div class=\"elementor-element elementor-element-c75a281 elementor-widget elementor-widget-text-editor\" data-id=\"c75a281\" data-element_type=\"widget\" data-e-type=\"widget\" data-widget_type=\"text-editor.default\">\n\t\t\t\t<div class=\"elementor-widget-container\">\n\t\t\t\t\t\t\t\t\t<p>Quelle: ADAC Grevenbroich<\/p>\t\t\t\t\t\t\t\t<\/div>\n\t\t\t\t<\/div>\n\t\t\t\t\t<\/div>\n\t\t\t\t<\/div>\n\t\t<div class=\"elementor-element elementor-element-9146b86 e-flex e-con-boxed e-con e-parent\" data-id=\"9146b86\" data-element_type=\"container\" data-e-type=\"container\">\n\t\t\t\t\t<div class=\"e-con-inner\">\n\t\t\t\t\t<\/div>\n\t\t\t\t<\/div>\n\t\t\t\t<\/div>\n\t\t","protected":false},"excerpt":{"rendered":"<p>F\u00f6rderung durch die Berufsgenossenschaft Alle unsere Fahricherheitstraining unterliegen den Richtlinien des DVR und k\u00f6nnen somit durch Ihre Berufsgenossenschaft gef\u00f6rdert werden. Informieren Sie sich einfach bei Ihrer zust\u00e4ndigen BG. Trotz regelm\u00e4\u00dfigen Updates k\u00f6nnen wir keine Garantie auf die unten angegebenen F\u00f6rderungssummen geben. Sie dienen daher mur zur Orientierung. Berufsgenossenschaft Pkw Motorrad Transporter\/Kleinbus Nutzfahrzeug BG Bau(Berufsgenossenschaftder Bauwirtschaft)www.bgbau.de [&hellip;]<\/p>\n","protected":false},"author":1,"featured_media":0,"parent":0,"menu_order":0,"comment_status":"closed","ping_status":"closed","template":"","meta":{"footnotes":""},"class_list":["post-644","page","type-page","status-publish","hentry"],"_links":{"self":[{"href":"https:\/\/kvw-barnim.de\/index.php\/wp-json\/wp\/v2\/pages\/644","targetHints":{"allow":["GET"]}}],"collection":[{"href":"https:\/\/kvw-barnim.de\/index.php\/wp-json\/wp\/v2\/pages"}],"about":[{"href":"https:\/\/kvw-barnim.de\/index.php\/wp-json\/wp\/v2\/types\/page"}],"author":[{"embeddable":true,"href":"https:\/\/kvw-barnim.de\/index.php\/wp-json\/wp\/v2\/users\/1"}],"replies":[{"embeddable":true,"href":"https:\/\/kvw-barnim.de\/index.php\/wp-json\/wp\/v2\/comments?post=644"}],"version-history":[{"count":10,"href":"https:\/\/kvw-barnim.de\/index.php\/wp-json\/wp\/v2\/pages\/644\/revisions"}],"predecessor-version":[{"id":1008,"href":"https:\/\/kvw-barnim.de\/index.php\/wp-json\/wp\/v2\/pages\/644\/revisions\/1008"}],"wp:attachment":[{"href":"https:\/\/kvw-barnim.de\/index.php\/wp-json\/wp\/v2\/media?parent=644"}],"curies":[{"name":"wp","href":"https:\/\/api.w.org\/{rel}","templated":true}]}}