{"id":654,"date":"2025-06-27T22:19:27","date_gmt":"2025-06-27T20:19:27","guid":{"rendered":"https:\/\/kreisverkehrswac-3ptxbths2x.live-website.com\/?page_id=654"},"modified":"2026-02-11T19:30:52","modified_gmt":"2026-02-11T18:30:52","slug":"impressum","status":"publish","type":"page","link":"https:\/\/kvw-barnim.de\/index.php\/impressum\/","title":{"rendered":"Impressum"},"content":{"rendered":"\t\t<div data-elementor-type=\"wp-page\" data-elementor-id=\"654\" class=\"elementor elementor-654\">\n\t\t\t\t<div class=\"elementor-element elementor-element-da255af e-flex e-con-boxed e-con e-parent\" data-id=\"da255af\" data-element_type=\"container\" data-e-type=\"container\" data-settings=\"{&quot;background_background&quot;:&quot;classic&quot;}\">\n\t\t\t\t\t<div class=\"e-con-inner\">\n\t\t\t\t<div class=\"elementor-element elementor-element-baad947 elementor-widget elementor-widget-heading\" data-id=\"baad947\" data-element_type=\"widget\" data-e-type=\"widget\" data-widget_type=\"heading.default\">\n\t\t\t\t<div class=\"elementor-widget-container\">\n\t\t\t\t\t<h2 class=\"elementor-heading-title elementor-size-default\">Impressum<\/h2>\t\t\t\t<\/div>\n\t\t\t\t<\/div>\n\t\t\t\t\t<\/div>\n\t\t\t\t<\/div>\n\t\t<div class=\"elementor-element elementor-element-7d642ef e-flex e-con-boxed e-con e-parent\" data-id=\"7d642ef\" data-element_type=\"container\" data-e-type=\"container\">\n\t\t\t\t\t<div class=\"e-con-inner\">\n\t\t\t\t<div class=\"elementor-element elementor-element-0855123 elementor-widget elementor-widget-spacer\" data-id=\"0855123\" data-element_type=\"widget\" data-e-type=\"widget\" data-widget_type=\"spacer.default\">\n\t\t\t\t<div class=\"elementor-widget-container\">\n\t\t\t\t\t\t\t<div class=\"elementor-spacer\">\n\t\t\t<div class=\"elementor-spacer-inner\"><\/div>\n\t\t<\/div>\n\t\t\t\t\t\t<\/div>\n\t\t\t\t<\/div>\n\t\t\t\t\t<\/div>\n\t\t\t\t<\/div>\n\t\t<div class=\"elementor-element elementor-element-fb52890 e-flex e-con-boxed e-con e-parent\" data-id=\"fb52890\" data-element_type=\"container\" data-e-type=\"container\">\n\t\t\t\t\t<div class=\"e-con-inner\">\n\t\t\t\t<div class=\"elementor-element elementor-element-b93e946 elementor-widget elementor-widget-text-editor\" data-id=\"b93e946\" data-element_type=\"widget\" data-e-type=\"widget\" data-widget_type=\"text-editor.default\">\n\t\t\t\t<div class=\"elementor-widget-container\">\n\t\t\t\t\t\t\t\t\t<div id=\"cc-matrix-1319040381\">\n<div id=\"cc-m-5859801981\" class=\"j-module n j-text \">\n<p><em><strong>Vorstand der Kreisverkehrswacht e. V.&nbsp; ab 26.04.2025<\/strong><\/em><\/p><p><em><strong><br><\/strong><\/em><\/p>\n<p><strong>Alexander Tierling<\/strong><\/p>\n<p><strong>Vorsitzender<\/strong><\/p><p><strong><br><\/strong><\/p>\n<p><strong>Hans-Peter Kr\u00fcger<\/strong><\/p>\n<p><strong>stellvetr. Vorsitzender<\/strong><\/p><p><strong><br><\/strong><\/p>\n<p><strong>Die nachstehenden Informationen enthalten die gesetzlich vorgesehenen Pflichtangaben zur Anbieterkennzeichnung, sowie rechtliche Hinweise zur Internetpr\u00e4senz&nbsp;<a href=\"http:\/\/www.kvw-barnim.de\">www.kvw-barnim.de<\/a><\/strong><\/p>\n<p><br><\/p>\n<p>Anbieter<\/p>\n<p>Anbieter dieser Internetpr\u00e4senz ist im Rechtssinne die Kreisverkehrswacht Barnim e.V.<\/p><p><br><\/p>\n<p>Vereinsregister<br>Die Verkehrswacht Barnim e.V. ist im Vereinsregister des Amtsgerichts Frankfurt\/ Oder unter der Registernummer VR4188 eingetragen.<\/p>\n<p><br><\/p><p>Vorsitzender<\/p><p>Alexander Tierling<\/p>\n<p><br><\/p><p>Redaktionsverantwortliche<br>Verantwortlich f\u00fcr die Internetpr\u00e4senz der Verkehrswacht Barnim e.V. ist Alexander Tierling<\/p><p><br><\/p>\n<p>Kreisverkehrswacht Barnim e.V.<br>Marie &#8211; Curie &#8211; Stra\u00dfe 15*<br>16321 Bernau<br>Tel. 03338 \/ 700657 oder 03338 \/ 700658<br>E-Mail: info@kreisverkehrswacht-barnim.de<\/p><p><br><\/p>\n<p>im Gewerbepark an der Albertshofer Chaussee Anfahrtsskizze FASI Bernau<\/p>\n<p>Haben Sie Fragen, Anregungen oder Kritik, benutzen Sie unser Kontaktformular<\/p><p><br><\/p>\n<p><strong>Haftungsausschluss<\/strong><\/p>\n<p>1. Inhalt des Onlineangebotes<br>Der Kreisverkehrswacht Barnim e.V. \u00fcbernimmt keinerlei Gew\u00e4hr f\u00fcr die Aktualit\u00e4t oder Vollst\u00e4ndigkeit der bereitgestellten Informationen. Haftungsanspr\u00fcche gegen den Kreisverkehrswacht Barnim e.V., die sich auf Sch\u00e4den materieller oder ideeller Art beziehen, die durch die Nutzung oder Nichtnutzung der dargebotenen Informationen bzw. durch die Nutzung fehlerhafter und unvollst\u00e4ndiger Informationen verursacht wurden, sind grunds\u00e4tzlich ausgeschlossen, sofern seitens des Kreisverkehrswacht Barnim e.V. kein nachweislich vors\u00e4tzliches oder grob fahrl\u00e4ssiges Verschulden vorliegt. Alle Angebote sind freibleibend und unverbindlich. Der Kreisverkehrswacht Barnim e.V. beh\u00e4lt es sich ausdr\u00fccklich vor, Teile der Seiten oder das gesamte Angebot ohne gesonderte Ank\u00fcndigung zu ver\u00e4ndern, zu erg\u00e4nzen, zu l\u00f6schen oder die Ver\u00f6ffentlichung zeitweise oder endg\u00fcltig einzustellen.<\/p><p><br><\/p>\n<p>2. Verweise und Links<br>Der Kreisverkehrswacht Barnim e.V. erkl\u00e4rt hiermit ausdr\u00fccklich, dass zum Zeitpunkt der Setzung von Verweisen auf fremde Internetseiten (&#8222;Links&#8220;) die entsprechenden verlinkten Seiten frei von illegalen Inhalten waren. Auf die aktuelle und zuk\u00fcnftige Gestaltung, die Inhalte oder die Urheberschaft der verkn\u00fcpften Seiten hat der Kreisverkehrswacht Barnim e.V. keinerlei Einfluss. Deshalb distanziert sich der Kreisverkehrswacht Barnim e.V. hiermit ausdr\u00fccklich von allen Inhalten aller verkn\u00fcpften Seiten, die nach der Linksetzung ver\u00e4ndert wurden. Diese Feststellung gilt f\u00fcr alle innerhalb des eigenen Internetangebotes gesetzten Links und Verweise sowie f\u00fcr Fremdeintr\u00e4ge im G\u00e4stebuch. F\u00fcr illegale, fehlerhafte oder unvollst\u00e4ndige Inhalte und insbesondere f\u00fcr Sch\u00e4den, die aus der Nutzung oder Nichtnutzung solcherart dargebotener Informationen entstehen, haftet allein der Anbieter der Seite, auf welche verwiesen wurde, nicht derjenige, der \u00fcber Links auf die jeweilige Ver\u00f6ffentlichung lediglich verweist.<\/p><p><br><\/p>\n<p>3. Urheber- und Kennzeichenrecht<\/p><p>Der Kreisverkehrswacht Barnim e.V. ist bestrebt, in allen Publikationen die Urheberrechte zu beachten, von ihr selbst erstellte Grafiken, Tondokumente, Videosequenzen und Texte zu nutzen oder auf lizenzfreie Dokumente zur\u00fcckzugreifen. Alle innerhalb des Internetangebotes genannten und ggf. durch Dritte gesch\u00fctzten Marken- und Warenzeichen unterliegen uneingeschr\u00e4nkt den Bestimmungen des jeweils g\u00fcltigen Kennzeichenrechts und den Besitzrechten der jeweiligen eingetragenen Eigent\u00fcmer. Allein aufgrund der blo\u00dfen Nennung ist nicht der Schluss zu ziehen, dass Markenzeichen nicht durch Rechte Dritter gesch\u00fctzt sind. Das Copyright f\u00fcr ver\u00f6ffentlichte, von dem Kreisverkehrswacht Barnim e.V. selbst erstellte Objekte bleibt allein bei den Autoren der Seiten. Eine Vervielf\u00e4ltigung oder Verwendung solcher Grafiken, Tondokumente, Videosequenzen und Texte in anderen elektronischen oder gedruckten Publikationen ist ohne ausdr\u00fcckliche Zustimmung von dem Kreisverkehrswacht Barnim e.V. nicht gestattet.<\/p><p><br><\/p>\n<p>4. Datenschutz<br>Die Eingabe pers\u00f6nlicher oder gesch\u00e4ftlicher Daten (E-Mail-Adressen, Namen, Anschriften) erfolgt auf ausdr\u00fccklich freiwilliger Basis. Die Daten werden nicht weitergegeben. Die Inanspruchnahme und Bezahlung aller angebotenen Dienste ist &#8211; soweit technisch m\u00f6glich und zumutbar &#8211; auch ohne Angabe solcher Daten bzw. unter Angabe anonymisierter Daten oder eines Pseudonyms gestattet.<\/p>\n<p>\u201eDiese Website benutzt Google Analytics, einen Webanalysedienst der Google Inc. (\u201eGoogle\u201c) Google Analytics verwendet sog. \u201eCookies\u201c, Textdateien, die auf Ihrem Computer gespeichert werden und die eine Analyse der Benutzung der Website durch Sie erm\u00f6glicht. Die durch den Cookie erzeugten Informationen \u00fcber Ihre Benutzung diese Website (einschlie\u00dflich Ihrer IP-Adresse) wird an einen Server von Google in den USA \u00fcbertragen und dort gespeichert. Google wird diese Informationen benutzen, um Ihre Nutzung der Website auszuwerten, um Reports \u00fcber die Websiteaktivit\u00e4ten f\u00fcr die Websitebetreiber zusammenzustellen und um weitere mit der Websitenutzung und der Internetnutzung verbundene Dienstleistungen zu erbringen. Auch wird Google diese Informationen gegebenenfalls an Dritte \u00fcbertragen, sofern dies gesetzlich vorgeschrieben oder soweit Dritte diese Daten im Auftrag von Google verarbeiten. Google wird in keinem Fall Ihre IP-Adresse mit anderen Daten der Google in Verbindung bringen. Sie k\u00f6nnen die Installation der Cookies durch eine entsprechende Einstellung Ihrer Browser Software verhindern; wir weisen Sie jedoch darauf hin, dass Sie in diesem Fall gegebenenfalls nicht s\u00e4mtliche Funktionen dieser Website voll umf\u00e4nglich nutzen k\u00f6nnen. Durch die Nutzung dieser Website erkl\u00e4ren Sie sich mit der Bearbeitung der \u00fcber Sie erhobenen Daten durch Google in der zuvor beschriebenen Art und Weise und zu dem zuvor benannten Zweck einverstanden.\u201c&nbsp; Der Datenerhebung und -speicherung kann jederzeit mit Wirkung f\u00fcr die Zukunft widersprochen werden. Angesichts der Diskussion um den Einsatz von Analysetools mit vollst\u00e4ndigen IP-Adressen m\u00f6chten wir darauf hinweisen, dass diese Website Google Analytics mit der Erweiterung \u201e_anonymizeIp()\u201c verwendet und daher IP-Adressen nur gek\u00fcrzt weiterverarbeitet werden, um eine direkte Personenbeziehbarkeit auszuschlie\u00dfen.\u201c<\/p><p><br><\/p>\n<p>5. Salvatorische Klausel<br>Sofern Teile oder einzelne Formulierungen dieses Textes der geltenden Rechtslage nicht, nicht mehr oder nicht vollst\u00e4ndig entsprechen sollten, bleiben die \u00fcbrigen Teile des Dokumentes in ihrem Inhalt und ihrer G\u00fcltigkeit davon unber\u00fchrt. Alle Rechte vorbehalten. Die Ver\u00f6ffentlichung des Inhalts dieses Web-Angebotes bedarf der ausdr\u00fccklichen Genehmigung durch. Der Kreisverkehrswacht Barnim e.V.. Die Ver\u00f6ffentlichung und die Auswertung der Presseinformationen sind gestattet. Alle Bilder sind urheberrechtlich gesch\u00fctzt und d\u00fcrfen nur mit ausdr\u00fccklicher Genehmigung des Rechtsinhabers verwendet werden.<\/p>\n<\/div>\n<\/div>\t\t\t\t\t\t\t\t<\/div>\n\t\t\t\t<\/div>\n\t\t\t\t\t<\/div>\n\t\t\t\t<\/div>\n\t\t\t\t<\/div>\n\t\t","protected":false},"excerpt":{"rendered":"<p>Impressum Vorstand der Kreisverkehrswacht e. V.&nbsp; ab 26.04.2025 Alexander Tierling Vorsitzender Hans-Peter Kr\u00fcger stellvetr. Vorsitzender Die nachstehenden Informationen enthalten die gesetzlich vorgesehenen Pflichtangaben zur Anbieterkennzeichnung, sowie rechtliche Hinweise zur Internetpr\u00e4senz&nbsp;www.kvw-barnim.de Anbieter Anbieter dieser Internetpr\u00e4senz ist im Rechtssinne die Kreisverkehrswacht Barnim e.V. VereinsregisterDie Verkehrswacht Barnim e.V. ist im Vereinsregister des Amtsgerichts Frankfurt\/ Oder unter der Registernummer [&hellip;]<\/p>\n","protected":false},"author":1,"featured_media":0,"parent":0,"menu_order":0,"comment_status":"closed","ping_status":"closed","template":"","meta":{"footnotes":""},"class_list":["post-654","page","type-page","status-publish","hentry"],"_links":{"self":[{"href":"https:\/\/kvw-barnim.de\/index.php\/wp-json\/wp\/v2\/pages\/654","targetHints":{"allow":["GET"]}}],"collection":[{"href":"https:\/\/kvw-barnim.de\/index.php\/wp-json\/wp\/v2\/pages"}],"about":[{"href":"https:\/\/kvw-barnim.de\/index.php\/wp-json\/wp\/v2\/types\/page"}],"author":[{"embeddable":true,"href":"https:\/\/kvw-barnim.de\/index.php\/wp-json\/wp\/v2\/users\/1"}],"replies":[{"embeddable":true,"href":"https:\/\/kvw-barnim.de\/index.php\/wp-json\/wp\/v2\/comments?post=654"}],"version-history":[{"count":10,"href":"https:\/\/kvw-barnim.de\/index.php\/wp-json\/wp\/v2\/pages\/654\/revisions"}],"predecessor-version":[{"id":1060,"href":"https:\/\/kvw-barnim.de\/index.php\/wp-json\/wp\/v2\/pages\/654\/revisions\/1060"}],"wp:attachment":[{"href":"https:\/\/kvw-barnim.de\/index.php\/wp-json\/wp\/v2\/media?parent=654"}],"curies":[{"name":"wp","href":"https:\/\/api.w.org\/{rel}","templated":true}]}}