{"id":841,"date":"2025-11-26T20:55:39","date_gmt":"2025-11-26T19:55:39","guid":{"rendered":"https:\/\/kvw-barnim.de\/?page_id=841"},"modified":"2025-11-26T21:11:11","modified_gmt":"2025-11-26T20:11:11","slug":"kind-und-verkehr","status":"publish","type":"page","link":"https:\/\/kvw-barnim.de\/index.php\/kind-und-verkehr\/","title":{"rendered":"Kind und Verkehr"},"content":{"rendered":"\t\t<div data-elementor-type=\"wp-page\" data-elementor-id=\"841\" class=\"elementor elementor-841\">\n\t\t\t\t<div class=\"elementor-element elementor-element-c40fcac e-flex e-con-boxed e-con e-parent\" data-id=\"c40fcac\" data-element_type=\"container\" data-e-type=\"container\">\n\t\t\t\t\t<div class=\"e-con-inner\">\n\t\t\t\t<div class=\"elementor-element elementor-element-3a08b91 elementor-widget elementor-widget-heading\" data-id=\"3a08b91\" data-element_type=\"widget\" data-e-type=\"widget\" data-widget_type=\"heading.default\">\n\t\t\t\t<div class=\"elementor-widget-container\">\n\t\t\t\t\t<h2 class=\"elementor-heading-title elementor-size-default\">Kinder und Verkehr<\/h2>\t\t\t\t<\/div>\n\t\t\t\t<\/div>\n\t\t\t\t\t<\/div>\n\t\t\t\t<\/div>\n\t\t<div class=\"elementor-element elementor-element-810f91d e-flex e-con-boxed e-con e-parent\" data-id=\"810f91d\" data-element_type=\"container\" data-e-type=\"container\">\n\t\t\t\t\t<div class=\"e-con-inner\">\n\t\t\t\t<div class=\"elementor-element elementor-element-ddc1ec6 elementor-widget elementor-widget-spacer\" data-id=\"ddc1ec6\" data-element_type=\"widget\" data-e-type=\"widget\" data-widget_type=\"spacer.default\">\n\t\t\t\t<div class=\"elementor-widget-container\">\n\t\t\t\t\t\t\t<div class=\"elementor-spacer\">\n\t\t\t<div class=\"elementor-spacer-inner\"><\/div>\n\t\t<\/div>\n\t\t\t\t\t\t<\/div>\n\t\t\t\t<\/div>\n\t\t\t\t\t<\/div>\n\t\t\t\t<\/div>\n\t\t<div class=\"elementor-element elementor-element-081f43f e-flex e-con-boxed e-con e-parent\" data-id=\"081f43f\" data-element_type=\"container\" data-e-type=\"container\">\n\t\t\t\t\t<div class=\"e-con-inner\">\n\t\t\t\t<div class=\"elementor-element elementor-element-2384f66 elementor-widget elementor-widget-text-editor\" data-id=\"2384f66\" data-element_type=\"widget\" data-e-type=\"widget\" data-widget_type=\"text-editor.default\">\n\t\t\t\t<div class=\"elementor-widget-container\">\n\t\t\t\t\t\t\t\t\t<h2 style=\"text-align: center;\"><strong>Sicherheit f\u00fcr Kinder<\/strong><\/h2><div><strong><br><\/strong><\/div>\n<p style=\"text-align: center;\">Kinder m\u00fcssen sich heute in einer Welt zurechtfinden, die ihnen immer weniger Raum zum Spielen und zum unbeschwerten Austoben gew\u00e4hrt. Im Stra\u00dfenverkehr werden sie mit Anforderungen konfrontiert, denen sie h\u00e4ufig nicht gewachsen sind. Das Programm \u201eKind und Verkehr\u201c wendet sich mit Informationsveranstaltungen in Kindertagesst\u00e4tten und anderen Einrichtungen vor allem an die Eltern. Denn es liegt in ihrer Hand als Eltern, als Autofahrer und als Vorbilder, Kinder im Stra\u00dfenverkehr vor Schaden zu bewahren.<\/p>\n<p style=\"text-align: center;\">In den Elternveranstaltungen informieren Moderatoren dar\u00fcber, wie Kinder gut auf den Stra\u00dfenverkehr vorbereitet werden k\u00f6nnen. Gemeinsam mit den Erzieherinnen und Erziehern oder auch direkt mit den Teilnehmern stimmen sie die Veranstaltungsinhalte ab und richten sie nach den Interessen der Teilnehmenden aus.<\/p>\n<p style=\"text-align: center;\">Als Erg\u00e4nzung zu den Elternveranstaltungen k\u00f6nnen die Moderatoren gemeinsam mit den Erzieherinnen und Erziehern auch Projekte zur Verkehrssicherheit direkt mit den Kindern durchf\u00fchren. Die Veranstaltungen sind kostenlos.<\/p><p style=\"text-align: center;\"><br><\/p>\n<h2 style=\"text-align: center;\"><strong>Haben Sie Interesse?<\/strong><\/h2>\n<p style=\"text-align: center;\">Haben Sie Interesse daran, dass eine Moderatorin oder ein Moderator der Deutschen Verkehrswacht auch in Ihrer Kindertageseinrichtung das Programm \u201eKind und Verkehr\u201c vorstellt? Dann setzen Sie sich gern mit uns in Verbindung.&nbsp;<\/p>\n<p style=\"text-align: center;\">\u201eKind und Verkehr\u201c ist ein Programm des Deutschen Verkehrssicherheitsrats e. V. (DVR). Finanziell gef\u00f6rdert wird das Programm vom Bundesministerium f\u00fcr Verkehr und digitale Infrastruktur (BMVI). Weiterf\u00fchrende Informationen gibt es auf&nbsp;<a href=\"https:\/\/www.dvr.de\/programme\/kind-und-verkehr\/\">www.dvr.de<\/a>.<\/p>\t\t\t\t\t\t\t\t<\/div>\n\t\t\t\t<\/div>\n\t\t\t\t\t<\/div>\n\t\t\t\t<\/div>\n\t\t\t\t<\/div>\n\t\t","protected":false},"excerpt":{"rendered":"<p>Kinder und Verkehr Sicherheit f\u00fcr Kinder Kinder m\u00fcssen sich heute in einer Welt zurechtfinden, die ihnen immer weniger Raum zum Spielen und zum unbeschwerten Austoben gew\u00e4hrt. Im Stra\u00dfenverkehr werden sie mit Anforderungen konfrontiert, denen sie h\u00e4ufig nicht gewachsen sind. Das Programm \u201eKind und Verkehr\u201c wendet sich mit Informationsveranstaltungen in Kindertagesst\u00e4tten und anderen Einrichtungen vor allem [&hellip;]<\/p>\n","protected":false},"author":1,"featured_media":0,"parent":0,"menu_order":0,"comment_status":"closed","ping_status":"closed","template":"","meta":{"footnotes":""},"class_list":["post-841","page","type-page","status-publish","hentry"],"_links":{"self":[{"href":"https:\/\/kvw-barnim.de\/index.php\/wp-json\/wp\/v2\/pages\/841","targetHints":{"allow":["GET"]}}],"collection":[{"href":"https:\/\/kvw-barnim.de\/index.php\/wp-json\/wp\/v2\/pages"}],"about":[{"href":"https:\/\/kvw-barnim.de\/index.php\/wp-json\/wp\/v2\/types\/page"}],"author":[{"embeddable":true,"href":"https:\/\/kvw-barnim.de\/index.php\/wp-json\/wp\/v2\/users\/1"}],"replies":[{"embeddable":true,"href":"https:\/\/kvw-barnim.de\/index.php\/wp-json\/wp\/v2\/comments?post=841"}],"version-history":[{"count":4,"href":"https:\/\/kvw-barnim.de\/index.php\/wp-json\/wp\/v2\/pages\/841\/revisions"}],"predecessor-version":[{"id":853,"href":"https:\/\/kvw-barnim.de\/index.php\/wp-json\/wp\/v2\/pages\/841\/revisions\/853"}],"wp:attachment":[{"href":"https:\/\/kvw-barnim.de\/index.php\/wp-json\/wp\/v2\/media?parent=841"}],"curies":[{"name":"wp","href":"https:\/\/api.w.org\/{rel}","templated":true}]}}